{"id":9257,"date":"2021-05-18T22:23:26","date_gmt":"2021-05-18T19:23:26","guid":{"rendered":"http:\/\/www.jogevakabeklubi.ee\/?page_id=9257"},"modified":"2022-01-08T10:26:54","modified_gmt":"2022-01-08T08:26:54","slug":"voistluskalender-2021","status":"publish","type":"page","link":"https:\/\/www.jogevakabeklubi.ee\/?page_id=9257","title":{"rendered":"V\u00d5ISTLUSKALENDER 2021"},"content":{"rendered":"\r\n<p class=\"has-text-color has-vivid-cyan-blue-color\" style=\"font-size: 18px;\">&nbsp;<\/p>\r\n\r\n<table class=\"aligncenter\" style=\"width: 700px; border-collapse: collapse;\" border=\"1\">\r\n<thead>\r\n<tr style=\"height: 20px;\">\r\n<th style=\"height: 20px; width: 95px; background-color: #cbeaf5;\"><span style=\"font-size: medium; font-weight: bold; text-align: -webkit-center; color: #000000;\">Aeg<\/span><\/th>\r\n<th style=\"width: 299px; height: 20px; background-color: #cbeaf5; text-align: center;\"><span style=\"font-size: medium; font-weight: bold; text-align: -webkit-center; color: #000000;\">\u00dcritus<\/span><\/th>\r\n<th style=\"width: 68px; height: 20px; background-color: #cbeaf5; text-align: center;\"><span style=\"font-size: medium; font-weight: bold; text-align: -webkit-center; color: #000000;\">M\u00e4ngu-<\/span><br style=\"font-size: medium; font-weight: bold; text-align: -webkit-center;\"><span style=\"color: #000000;\"><span style=\"font-size: medium; font-weight: bold; text-align: -webkit-center;\">liik<\/span>&nbsp;<\/span><\/th>\r\n<th style=\"width: 246px; height: 20px; background-color: #cbeaf5;\"><span style=\"font-size: medium; font-weight: bold; text-align: -webkit-center; color: #000000;\">Koht\/<\/span><br style=\"font-size: medium; font-weight: bold; text-align: -webkit-center;\"><span style=\"color: #000000;\"><span style=\"font-size: medium; font-weight: bold; text-align: -webkit-center;\">korraldaja<\/span>&nbsp;<\/span><\/th>\r\n<\/tr>\r\n<\/thead>\r\n<tbody>\r\n<tr style=\"height: 23px;\">\r\n<td style=\"width: 708px; height: 23px;\" colspan=\"4\"><span style=\"color: #000000;\"><strong>MAI<\/strong><\/span><\/td>\r\n<\/tr>\r\n<tr style=\"height: 43px;\">\r\n<td style=\"width: 95px; height: 43px;\"><span style=\"color: #000000;\">29. kell 11<\/span><\/td>\r\n<td style=\"width: 299px; height: 43px;\"><span style=\"color: #0000ff;\"><a style=\"color: #0000ff;\" href=\"http:\/\/www.jogevakabeklubi.ee\/wp-content\/uploads\/2021\/05\/Pargikabe-2021.pdf\">J\u00f5geva Pargikabe 2021<\/a><\/span><\/td>\r\n<td style=\"width: 68px; height: 43px;\"><span style=\"color: #000000;\">64<\/span><\/td>\r\n<td style=\"width: 246px; height: 43px;\"><span style=\"color: #000000;\">J\u00f5geva Kabev\u00e4ljak <\/span><br><span style=\"color: #000000;\">J\u00f5geva Kabeklubi<\/span><\/td>\r\n<\/tr>\r\n<tr>\r\n<td style=\"width: 708px;\" colspan=\"4\"><span style=\"color: #000000;\"><strong>JUUNI<\/strong><\/span><\/td>\r\n<\/tr>\r\n<tr>\r\n<td style=\"width: 95px;\"><span style=\"color: #000000;\">26. kell 10<\/span><\/td>\r\n<td style=\"width: 299px;\"><span style=\"color: #0000ff;\"><a style=\"color: #0000ff;\" href=\"https:\/\/jogevakabeklubi.ee\/turniirid\/jogevamaa_veteranide_mv2021\">J\u00f5gevamaa veteranide mv<\/a><\/span><\/td>\r\n<td style=\"width: 68px;\"><span style=\"color: #000000;\">64<\/span><\/td>\r\n<td style=\"width: 246px;\"><span style=\"color: #000000;\">Virtus, J\u00f5geva<br>J\u00f5geva SVK, J\u00f5geva Kabeklubi<\/span><\/td>\r\n<\/tr>\r\n<tr>\r\n<td style=\"width: 708px;\" colspan=\"4\"><span style=\"color: #000000;\"><strong>JUULI<\/strong><\/span><\/td>\r\n<\/tr>\r\n<tr>\r\n<td style=\"width: 95px;\"><span style=\"color: #000000;\">17. kell 10<\/span><\/td>\r\n<td style=\"width: 299px;\"><span style=\"color: #0000ff;\"><a style=\"color: #0000ff;\" href=\"https:\/\/jogevakabeklubi.ee\/turniirid\/jogevamaa_mv64_2021\">J\u00f5gevamaa mv<\/a><\/span><\/td>\r\n<td style=\"width: 68px;\"><span style=\"color: #000000;\">64<\/span><\/td>\r\n<td style=\"width: 246px;\"><span style=\"color: #000000;\">Virtus, J\u00f5geva<br>JSL Kalju, J\u00f5geva Kabeklubi<\/span><\/td>\r\n<\/tr>\r\n<tr>\r\n<td style=\"width: 95px;\"><span style=\"color: #000000;\">31. kell 10<\/span><\/td>\r\n<td style=\"width: 299px;\"><span style=\"color: #0000ff;\"><a style=\"color: #0000ff;\" href=\"https:\/\/jogevakabeklubi.ee\/turniirid\/jogevamaa_valk64_2021\">J\u00f5gevamaa mv v\u00e4lkkabes<\/a><\/span><\/td>\r\n<td style=\"width: 68px;\"><span style=\"color: #000000;\">64<\/span><\/td>\r\n<td style=\"width: 246px;\"><span style=\"color: #000000;\">Paduvere, J\u00f5gevamaa<br>JSL Kalju, J\u00f5geva Kabeklubi<\/span><\/td>\r\n<\/tr>\r\n<tr>\r\n<td style=\"width: 95px;\"><span style=\"color: #000000;\">31. kell 10<\/span><\/td>\r\n<td style=\"width: 299px;\"><span style=\"color: #0000ff;\"><a style=\"color: #0000ff;\" href=\"https:\/\/jogevakabeklubi.ee\/turniirid\/jogevamaa_valk100_2021\">J\u00f5gevamaa mv v\u00e4lkkabes<\/a><\/span><\/td>\r\n<td style=\"width: 68px;\"><span style=\"color: #000000;\">100<\/span><\/td>\r\n<td style=\"width: 246px;\"><span style=\"color: #000000;\">Paduvere, J\u00f5gevamaa<br>JSL Kalju, J\u00f5geva Kabeklubi<\/span><\/td>\r\n<\/tr>\r\n<tr>\r\n<td style=\"width: 95px;\"><span style=\"color: #000000;\">31. kell 10<\/span><\/td>\r\n<td style=\"width: 299px;\"><span style=\"color: #0000ff;\"><a style=\"color: #0000ff;\" href=\"https:\/\/www.jogevakabeklubi.ee\/?p=9418\">40. kabetajate kokkutulek<\/a><\/span><\/td>\r\n<td style=\"width: 68px;\"><span style=\"color: #000000;\">&nbsp;<\/span><\/td>\r\n<td style=\"width: 246px;\"><span style=\"color: #000000;\">Paduvere, J\u00f5gevamaa<br>J\u00f5geva Kabeklubi, J\u00fcri L\u00e4tt<\/span><\/td>\r\n<\/tr>\r\n<tr>\r\n<td style=\"width: 708px;\" colspan=\"4\"><span style=\"color: #000000;\"><strong>AUGUST<\/strong><\/span><\/td>\r\n<\/tr>\r\n<tr>\r\n<td style=\"width: 95px;\"><span style=\"color: #000000;\">06. kell 14.30<\/span><\/td>\r\n<td style=\"width: 299px;\"><span style=\"color: #000000;\">Grillfesti suur kabesimultaan 2021 &#8211; 24-kordne Eesti meister Arno Uutma vs kabes\u00f5brad<\/span><\/td>\r\n<td style=\"width: 68px;\"><span style=\"color: #000000;\">64<\/span><\/td>\r\n<td style=\"width: 246px;\"><span style=\"color: #000000;\">P\u00e4rnu Vallik\u00e4\u00e4r<\/span><\/td>\r\n<\/tr>\r\n<tr style=\"height: 24px;\">\r\n<td style=\"height: 24px; width: 708px;\" colspan=\"4\"><span style=\"color: #000000;\"><strong>SEPTEMBER<\/strong><\/span><\/td>\r\n<\/tr>\r\n<tr>\r\n<td style=\"width: 95px;\"><span style=\"color: #000000;\">10.-19.<\/span><\/td>\r\n<td style=\"width: 299px;\"><span style=\"color: #0000ff;\"><a style=\"color: #0000ff;\" href=\"https:\/\/www.jogevakabeklubi.ee\/?page_id=9446\">Euroopa meistriv\u00f5istlused<\/a><\/span><\/td>\r\n<td style=\"width: 68px;\"><span style=\"color: #000000;\">64<\/span><\/td>\r\n<td style=\"width: 246px;\"><span style=\"color: #000000;\">Kuremaa loss, Kuremaa<br>IDF, J\u00f5geva Kabeklubi<\/span><\/td>\r\n<\/tr>\r\n<tr>\r\n<td style=\"width: 708px;\" colspan=\"4\"><span style=\"color: #000000;\"><b>OKTOOBER<\/b><\/span><\/td>\r\n<\/tr>\r\n<tr>\r\n<td style=\"width: 95px;\"><span style=\"color: #000000;\">02. kell 11<\/span><\/td>\r\n<td style=\"width: 299px;\"><span style=\"color: #000000;\">J\u00f5ud meistriv\u00f5istlused kabes 2021 &#8211; <span style=\"color: #0000ff;\"><a style=\"color: #0000ff;\" href=\"https:\/\/www.kabeliit.ee\/turniirid\/t554\/index.html\">t\u00e4iskasvanud ja juuniorid<\/a>, <a style=\"color: #0000ff;\" href=\"https:\/\/www.kabeliit.ee\/turniirid\/t555\/index.html\">noored<\/a><\/span><\/span><\/td>\r\n<td style=\"width: 68px;\"><span style=\"color: #000000;\">64<\/span><\/td>\r\n<td style=\"width: 246px;\"><span style=\"color: #000000;\">Virtus, J\u00f5geva&nbsp;<br>ESL J\u00f5ud, J\u00f5geva Kabeklubi<\/span><\/td>\r\n<\/tr>\r\n<tr>\r\n<td style=\"width: 95px;\"><span style=\"color: #000000;\">30. kell 10<\/span><\/td>\r\n<td style=\"width: 299px;\"><span style=\"color: #0000ff;\"><a style=\"color: #0000ff;\" href=\"https:\/\/jogevakabeklubi.ee\/turniirid\/jogevamaa_mv_br_2021\">J\u00f5gevamaa mv brasiilia kabes<\/a><\/span><\/td>\r\n<td style=\"width: 68px;\"><span style=\"color: #000000;\">64<\/span><\/td>\r\n<td style=\"width: 246px;\"><span style=\"color: #000000;\">Virtus, J\u00f5geva<br>JSL Kalju, J\u00f5geva Kabeklubi<\/span><\/td>\r\n<\/tr>\r\n<tr>\r\n<td style=\"width: 708px;\" colspan=\"4\"><strong><span style=\"color: #000000;\">NOVEMBER<\/span><\/strong><\/td>\r\n<\/tr>\r\n<tr>\r\n<td style=\"width: 95px;\"><span style=\"color: #000000;\">13. kell 11<\/span><\/td>\r\n<td style=\"width: 299px;\"><span style=\"color: #0000ff;\"><a style=\"color: #0000ff;\" href=\"https:\/\/jogevakabeklubi.ee\/turniirid\/Coop2021\">Coop J\u00f5geva 43. kabeturniir<\/a><\/span><\/td>\r\n<td style=\"width: 68px;\"><span style=\"color: #000000;\">64<\/span><\/td>\r\n<td style=\"width: 246px;\"><span style=\"color: #000000;\">Coop Hotell (Suur 11, J\u00f5geva)<br>Coop J\u00f5geva, J\u00f5geva Kabeklubi<\/span><\/td>\r\n<\/tr>\r\n<tr style=\"height: 23px;\">\r\n<td style=\"width: 708px; height: 23px;\" colspan=\"4\"><span style=\"color: #000000;\"><strong>DETSEMBER<\/strong><\/span><\/td>\r\n<\/tr>\r\n<tr>\r\n<td style=\"width: 95px;\"><span style=\"color: #000000;\">04. kell 11<\/span><\/td>\r\n<td style=\"width: 299px;\">\r\n<p><span style=\"color: #0000ff;\"><a style=\"color: #0000ff;\" href=\"https:\/\/jogevakabeklubi.ee\/turniirid\/Paunvere2021\">Paunvere 25. kabeturniir<\/a>, <a style=\"color: #0000ff;\" href=\"https:\/\/jogevakabeklubi.ee\/turniirid\/Paunvere2021_U13\/\">U13<\/a>, <a style=\"color: #0000ff;\" href=\"https:\/\/jogevakabeklubi.ee\/turniirid\/Paunvere2021_U10\/\">U10<\/a><\/span><\/p>\r\n<\/td>\r\n<td style=\"width: 68px;\"><span style=\"color: #000000;\">64<\/span><\/td>\r\n<td style=\"width: 246px;\"><span style=\"color: #000000;\">Kaarepere Rahvamaja<br>Palamuse Kultuur, J\u00f5geva KK<\/span><\/td>\r\n<\/tr>\r\n<tr style=\"height: 43px;\">\r\n<td style=\"width: 95px; height: 43px;\"><span style=\"color: #000000;\">18. kell 11<\/span><\/td>\r\n<td style=\"width: 299px; height: 43px;\"><span style=\"color: #0000ff;\"><a style=\"color: #0000ff;\" href=\"https:\/\/jogevakabeklubi.ee\/turniirid\/Orthez16\">Orthezi 16. kabeturniir<\/a><\/span><\/td>\r\n<td style=\"width: 68px; height: 43px;\"><span style=\"color: #000000;\">64<\/span><\/td>\r\n<td style=\"width: 246px; height: 43px;\"><span style=\"color: #000000;\">Kuremaa loss, Kuremaa <\/span><br><span style=\"color: #000000;\">J\u00f5geva Kabeklubi, Orthez O\u00dc<\/span><\/td>\r\n<\/tr>\r\n<\/tbody>\r\n<\/table>\r\n<p><span style=\"color: #0000ff;\"><a style=\"color: #0000ff;\" href=\"https:\/\/www.jogevakabeklubi.ee\/?page_id=8844\">V\u00d5ISTLUSKALENDER 2020<\/a><\/span><br><span style=\"color: #0000ff;\"><a style=\"color: #0000ff;\" href=\"https:\/\/www.jogevakabeklubi.ee\/?page_id=8161\">V\u00d5ISTLUSKALENDER 2019<\/a><\/span><br><a href=\"https:\/\/www.jogevakabeklubi.ee\/?page_id=7213\"><span style=\"color: #0000ff;\">V\u00d5ISTLUSKALENDER 2018<\/span><\/a>&nbsp; <br><span style=\"color: #0000ff;\"><a style=\"color: #0000ff;\" href=\"http:\/\/www.jogevakabeklubi.ee\/?page_id=4200\">V\u00d5ISTLUSKALENDER 2017<\/a><\/span>&nbsp; <br><a href=\"http:\/\/www.jogevakabeklubi.ee\/?page_id=3696\"><span style=\"color: #0000ff;\">V\u00d5ISTLUSKALENDER 2016<\/span><\/a>&nbsp;<br><span style=\"color: #0000ff;\"><a style=\"color: #0000ff;\" href=\"http:\/\/www.jogevakabeklubi.ee\/?page_id=3190\"> V\u00d5ISTLUSKALENDER 2015<\/a><\/span> <br><a href=\"http:\/\/www.jogevakabeklubi.ee\/?page_id=2730\"><span style=\"color: #0000ff;\">V\u00d5ISTLUSKALENDER 2014<\/span><\/a> <br><a href=\"http:\/\/www.jogevakabeklubi.ee\/?page_id=2285\"><span style=\"color: #0000ff;\">V\u00d5ISTLUSKALENDER 2013<\/span><\/a> <br><a href=\"http:\/\/www.jogevakabeklubi.ee\/?page_id=1833\"><span style=\"color: #0000ff;\">V\u00d5ISTLUSKALENDER 2012<\/span><\/a> <br><a href=\"http:\/\/www.jogevakabeklubi.ee\/?page_id=899\"><span style=\"color: #0000ff;\">V\u00d5ISTLUSKALENDER 2011<\/span><\/a> <br><a href=\"http:\/\/www.jogevakabeklubi.ee\/?page_id=290\"><span style=\"color: #0000ff;\">V\u00d5ISTLUSKALENDER 2010<\/span><\/a><\/p>\r\n\r\n<p>&nbsp;<\/p>\r\n","protected":false},"excerpt":{"rendered":"<p class=\"has-text-color has-vivid-cyan-blue-color\" style=\"font-size: 18px;\">&nbsp;<\/p>\n<p><span style=\"font-size: medium; font-weight: bold; text-align: -webkit-center; color: #000000;\">Aeg<\/span><br \/>\n<span style=\"font-size: medium; font-weight: bold; text-align: -webkit-center; color: #000000;\">\u00dcritus<\/span><br \/>\n<span style=\"font-size: medium; font-weight: bold; text-align: -webkit-center; color: #000000;\">M\u00e4ngu-<\/span><span style=\"color: #000000;\"><span style=\"font-size: medium; font-weight: bold; text-align: -webkit-center;\">liik<\/span>&nbsp;<\/span><br \/>\n<span style=\"font-size: medium; font-weight: bold; text-align: -webkit-center; color: #000000;\">Koht\/<\/span><span style=\"color: #000000;\"><span style=\"font-size: medium; font-weight: bold; text-align: -webkit-center;\">korraldaja<\/span>&nbsp;<\/span> <\/p>\n<p><span style=\"color: #000000;\"><strong>MAI<\/strong><\/span> <\/p>\n<p><span style=\"color: #000000;\">29. kell 11<\/span><br \/>\n<span style=\"color: #0000ff;\"><a style=\"color: #0000ff;\" href=\"http:\/\/www.jogevakabeklubi.ee\/wp-content\/uploads\/2021\/05\/Pargikabe-2021.pdf\">J\u00f5geva Pargikabe 2021<\/a><\/span><br \/>\n<span style=\"color: #000000;\">64<\/span><br \/>\n<span style=\"color: #000000;\">J\u00f5geva Kabev\u00e4ljak <\/span><span style=\"color: #000000;\">J\u00f5geva Kabeklubi<\/span> <\/p>\n<p><span style=\"color: #000000;\"><strong>JUUNI<\/strong><\/span> <div class=\"pgee-read-more\"><a href=\"https:\/\/www.jogevakabeklubi.ee\/?page_id=9257\">J\u00e4tka lugemist<\/a><\/div><\/p>","protected":false},"author":1,"featured_media":0,"parent":0,"menu_order":0,"comment_status":"closed","ping_status":"closed","template":"","meta":{"ngg_post_thumbnail":0,"footnotes":""},"_links":{"self":[{"href":"https:\/\/www.jogevakabeklubi.ee\/index.php?rest_route=\/wp\/v2\/pages\/9257"}],"collection":[{"href":"https:\/\/www.jogevakabeklubi.ee\/index.php?rest_route=\/wp\/v2\/pages"}],"about":[{"href":"https:\/\/www.jogevakabeklubi.ee\/index.php?rest_route=\/wp\/v2\/types\/page"}],"author":[{"embeddable":true,"href":"https:\/\/www.jogevakabeklubi.ee\/index.php?rest_route=\/wp\/v2\/users\/1"}],"replies":[{"embeddable":true,"href":"https:\/\/www.jogevakabeklubi.ee\/index.php?rest_route=%2Fwp%2Fv2%2Fcomments&post=9257"}],"version-history":[{"count":67,"href":"https:\/\/www.jogevakabeklubi.ee\/index.php?rest_route=\/wp\/v2\/pages\/9257\/revisions"}],"predecessor-version":[{"id":9586,"href":"https:\/\/www.jogevakabeklubi.ee\/index.php?rest_route=\/wp\/v2\/pages\/9257\/revisions\/9586"}],"wp:attachment":[{"href":"https:\/\/www.jogevakabeklubi.ee\/index.php?rest_route=%2Fwp%2Fv2%2Fmedia&parent=9257"}],"curies":[{"name":"wp","href":"https:\/\/api.w.org\/{rel}","templated":true}]}}