{"id":9155,"date":"2020-09-07T21:06:12","date_gmt":"2020-09-07T18:06:12","guid":{"rendered":"http:\/\/www.jogevakabeklubi.ee\/?page_id=9155"},"modified":"2020-09-11T11:41:16","modified_gmt":"2020-09-11T08:41:16","slug":"baltic-cup-2020","status":"publish","type":"page","link":"https:\/\/www.jogevakabeklubi.ee\/?page_id=9155","title":{"rendered":"BALTIC CUP 2020"},"content":{"rendered":"<h4><span style=\"color: #0000ff;\">TULEMUSED\/RESULTS<\/span><\/p>\n<p><span style=\"color: #ff0000;\"><a style=\"color: #ff0000;\" href=\"https:\/\/results.fmjd.org\/tournaments\/2020\/f_612\/\">MEN<\/a><\/span><\/p>\n<p><span style=\"color: #ff0000;\"><a style=\"color: #ff0000;\" href=\"https:\/\/results.fmjd.org\/tournaments\/2020\/f_611\/\">WOMEN<\/a><\/span><\/h4>\n<p><strong><span style=\"color: #000000;\">Participants list:<\/span><\/strong><\/p>\n<table style=\"width: 400px;\" border=\"0\" cellspacing=\"0\">\n<colgroup width=\"27\"><\/colgroup>\n<colgroup width=\"187\"><\/colgroup>\n<colgroup width=\"140\"><\/colgroup>\n<colgroup width=\"107\"><\/colgroup>\n<tbody>\n<tr>\n<td style=\"width: 26px;\" align=\"left\" valign=\"bottom\" height=\"21\">&nbsp;<\/td>\n<td style=\"width: 288px;\" align=\"left\" valign=\"bottom\"><span style=\"color: #000000;\">Men<\/span><\/td>\n<td style=\"width: 10px;\"><span style=\"color: #000000;\">Country<\/span><\/td>\n<td style=\"width: 10px;\" align=\"left\" valign=\"bottom\"><span style=\"color: #000000;\">Title<\/span><\/td>\n<td style=\"width: 66px; text-align: center;\" align=\"left\" valign=\"bottom\"><span style=\"color: #000000;\">Rtg<\/span><\/td>\n<\/tr>\n<tr>\n<td style=\"width: 26px;\" align=\"right\" valign=\"bottom\" height=\"21\"><span style=\"color: #000000;\">1<\/span><\/td>\n<td style=\"width: 288px;\" align=\"left\" valign=\"bottom\"><span style=\"color: #000000;\">Andrius Kybartas<\/span><\/td>\n<td style=\"width: 10px;\"><span style=\"color: #000000;\">LIT<\/span><\/td>\n<td style=\"width: 10px;\" align=\"left\" valign=\"bottom\"><span style=\"color: #000000;\">GMI<\/span><\/td>\n<td style=\"width: 66px; text-align: center;\" align=\"right\" valign=\"bottom\"><span style=\"color: #000000;\">2484<\/span><\/td>\n<\/tr>\n<tr>\n<td style=\"width: 26px;\" align=\"right\" valign=\"bottom\" height=\"21\"><span style=\"color: #000000;\">2<\/span><\/td>\n<td style=\"width: 288px;\" align=\"left\" valign=\"bottom\"><span style=\"color: #000000;\">Arunas Norvaishas<\/span><\/td>\n<td style=\"width: 10px;\"><span style=\"color: #000000;\">LIT<\/span><\/td>\n<td style=\"width: 10px;\" align=\"left\" valign=\"bottom\"><span style=\"color: #000000;\">GMI<\/span><\/td>\n<td style=\"width: 66px; text-align: center;\" align=\"right\" valign=\"bottom\"><span style=\"color: #000000;\">2476<\/span><\/td>\n<\/tr>\n<tr>\n<td style=\"width: 26px;\" align=\"right\" valign=\"bottom\" height=\"21\"><span style=\"color: #000000;\">3<\/span><\/td>\n<td style=\"width: 288px;\" align=\"left\" valign=\"bottom\"><span style=\"color: #000000;\">Aleksej Domchev<\/span><\/td>\n<td style=\"width: 10px;\"><span style=\"color: #000000;\">LIT<\/span><\/td>\n<td style=\"width: 10px;\" align=\"left\" valign=\"bottom\"><span style=\"color: #000000;\">GMI<\/span><\/td>\n<td style=\"width: 66px; text-align: center;\" align=\"right\" valign=\"bottom\"><span style=\"color: #000000;\">2443<\/span><\/td>\n<\/tr>\n<tr>\n<td style=\"width: 26px;\" align=\"right\" valign=\"bottom\" height=\"21\"><span style=\"color: #000000;\">4<\/span><\/td>\n<td style=\"width: 288px;\" align=\"left\" valign=\"bottom\"><span style=\"color: #000000;\">Guntis Valneris<\/span><\/td>\n<td style=\"width: 10px;\"><span style=\"color: #000000;\">LAT<\/span><\/td>\n<td style=\"width: 10px;\" align=\"left\" valign=\"bottom\"><span style=\"color: #000000;\">MI<\/span><\/td>\n<td style=\"width: 66px; text-align: center;\" align=\"right\" valign=\"bottom\"><span style=\"color: #000000;\">2405<\/span><\/td>\n<\/tr>\n<tr>\n<td style=\"width: 26px;\" align=\"right\" valign=\"bottom\" height=\"21\"><span style=\"color: #000000;\">5<\/span><\/td>\n<td style=\"width: 288px;\" align=\"left\" valign=\"bottom\"><span style=\"color: #000000;\">Domantas Norkus<\/span><\/td>\n<td style=\"width: 10px;\"><span style=\"color: #000000;\">LIT<\/span><\/td>\n<td style=\"width: 10px;\" align=\"left\" valign=\"bottom\"><span style=\"color: #000000;\">GMI<\/span><\/td>\n<td style=\"width: 66px; text-align: center;\" align=\"right\" valign=\"bottom\"><span style=\"color: #000000;\">2391<\/span><\/td>\n<\/tr>\n<tr>\n<td style=\"width: 26px;\" align=\"right\" valign=\"bottom\" height=\"21\"><span style=\"color: #000000;\">6<\/span><\/td>\n<td style=\"width: 288px;\" align=\"left\" valign=\"bottom\"><span style=\"color: #000000;\">Sigitas Smaidrys<\/span><\/td>\n<td style=\"width: 10px;\"><span style=\"color: #000000;\">LIT<\/span><\/td>\n<td style=\"width: 10px;\" align=\"left\" valign=\"bottom\"><span style=\"color: #000000;\">GMI<\/span><\/td>\n<td style=\"width: 66px; text-align: center;\" align=\"right\" valign=\"bottom\"><span style=\"color: #000000;\">2381<\/span><\/td>\n<\/tr>\n<tr>\n<td style=\"width: 26px;\" align=\"right\" valign=\"bottom\" height=\"21\"><span style=\"color: #000000;\">7<\/span><\/td>\n<td style=\"width: 288px;\" align=\"left\" valign=\"bottom\"><span style=\"color: #000000;\">Arno Uutma<\/span><\/td>\n<td style=\"width: 10px;\"><span style=\"color: #000000;\">EST<\/span><\/td>\n<td style=\"width: 10px;\" align=\"left\" valign=\"bottom\"><span style=\"color: #000000;\">GMI<\/span><\/td>\n<td style=\"width: 66px; text-align: center;\" align=\"right\" valign=\"bottom\"><span style=\"color: #000000;\">2355<\/span><\/td>\n<\/tr>\n<tr>\n<td style=\"width: 26px;\" align=\"right\" valign=\"bottom\" height=\"21\"><span style=\"color: #000000;\">8<\/span><\/td>\n<td style=\"width: 288px;\" align=\"left\" valign=\"bottom\"><span style=\"color: #000000;\">Guntars Purvin\u0161<\/span><\/td>\n<td style=\"width: 10px;\"><span style=\"color: #000000;\">LAT<\/span><\/td>\n<td style=\"width: 10px;\" align=\"left\" valign=\"bottom\"><span style=\"color: #000000;\">MI<\/span><\/td>\n<td style=\"width: 66px; text-align: center;\" align=\"right\" valign=\"bottom\"><span style=\"color: #000000;\">2282<\/span><\/td>\n<\/tr>\n<tr>\n<td style=\"width: 26px;\" align=\"right\" valign=\"bottom\" height=\"21\"><span style=\"color: #000000;\">9<\/span><\/td>\n<td style=\"width: 288px;\" align=\"left\" valign=\"bottom\"><span style=\"color: #000000;\">Urmas V\u00e4\u00e4rtn\u00f5u<\/span><\/td>\n<td style=\"width: 10px;\"><span style=\"color: #000000;\">EST<\/span><\/td>\n<td style=\"width: 10px;\" align=\"left\" valign=\"bottom\"><span style=\"color: #000000;\">MF<\/span><\/td>\n<td style=\"width: 66px; text-align: center;\" align=\"right\" valign=\"bottom\"><span style=\"color: #000000;\">2210<\/span><\/td>\n<\/tr>\n<tr>\n<td style=\"width: 26px;\" align=\"right\" valign=\"bottom\" height=\"21\"><span style=\"color: #000000;\">10<\/span><\/td>\n<td style=\"width: 288px;\" align=\"left\" valign=\"bottom\"><span style=\"color: #000000;\">Andrus Tull<\/span><\/td>\n<td style=\"width: 10px;\"><span style=\"color: #000000;\">EST<\/span><\/td>\n<td style=\"width: 10px;\" align=\"left\" valign=\"bottom\"><span style=\"color: #000000;\">MF<\/span><\/td>\n<td style=\"width: 66px; text-align: center;\" align=\"right\" valign=\"bottom\"><span style=\"color: #000000;\">2210<\/span><\/td>\n<\/tr>\n<tr>\n<td style=\"width: 26px;\" align=\"right\" valign=\"bottom\" height=\"21\"><span style=\"color: #000000;\">11<\/span><\/td>\n<td style=\"width: 288px;\" align=\"left\" valign=\"bottom\"><span style=\"color: #000000;\">Valentin Golubajev<\/span><\/td>\n<td style=\"width: 10px;\"><span style=\"color: #000000;\">LIT<\/span><\/td>\n<td style=\"width: 10px;\" align=\"left\" valign=\"bottom\">&nbsp;<\/td>\n<td style=\"width: 66px; text-align: center;\" align=\"right\" valign=\"bottom\"><span style=\"color: #000000;\">2200<\/span><\/td>\n<\/tr>\n<tr>\n<td style=\"width: 26px;\" align=\"right\" valign=\"bottom\" height=\"21\"><span style=\"color: #000000;\">12<\/span><\/td>\n<td style=\"width: 288px;\" align=\"left\" valign=\"bottom\"><span style=\"color: #000000;\">Argo Unnuk<\/span><\/td>\n<td style=\"width: 10px;\"><span style=\"color: #000000;\">EST<\/span><\/td>\n<td style=\"width: 10px;\" align=\"left\" valign=\"bottom\">&nbsp;<\/td>\n<td style=\"width: 66px; text-align: center;\" align=\"right\" valign=\"bottom\"><span style=\"color: #000000;\">2180<\/span><\/td>\n<\/tr>\n<tr>\n<td style=\"width: 26px;\" align=\"right\" valign=\"bottom\" height=\"21\"><span style=\"color: #000000;\">13<\/span><\/td>\n<td style=\"width: 288px;\" align=\"left\" valign=\"bottom\"><span style=\"color: #000000;\">Uno Plakk<\/span><\/td>\n<td style=\"width: 10px;\"><span style=\"color: #000000;\">EST<\/span><\/td>\n<td style=\"width: 10px;\" align=\"left\" valign=\"bottom\"><span style=\"color: #000000;\">MF<\/span><\/td>\n<td style=\"width: 66px; text-align: center;\" align=\"right\" valign=\"bottom\"><span style=\"color: #000000;\">2157<\/span><\/td>\n<\/tr>\n<tr>\n<td style=\"width: 26px;\" align=\"right\" valign=\"bottom\" height=\"21\"><span style=\"color: #000000;\">14<\/span><\/td>\n<td style=\"width: 288px;\" align=\"left\" valign=\"bottom\"><span style=\"color: #000000;\">Kaljo Siimer<\/span><\/td>\n<td style=\"width: 10px;\"><span style=\"color: #000000;\">EST<\/span><\/td>\n<td style=\"width: 10px;\" align=\"left\" valign=\"bottom\">&nbsp;<\/td>\n<td style=\"width: 66px; text-align: center;\" align=\"right\" valign=\"bottom\"><span style=\"color: #000000;\">2110<\/span><\/td>\n<\/tr>\n<tr>\n<td style=\"width: 26px;\" align=\"right\" valign=\"bottom\" height=\"21\"><span style=\"color: #000000;\">15<\/span><\/td>\n<td style=\"width: 288px;\" align=\"left\" valign=\"bottom\"><span style=\"color: #000000;\">Priit Lokotar<\/span><\/td>\n<td style=\"width: 10px;\"><span style=\"color: #000000;\">EST<\/span><\/td>\n<td style=\"width: 10px;\" align=\"left\" valign=\"bottom\">&nbsp;<\/td>\n<td style=\"width: 66px; text-align: center;\" align=\"right\" valign=\"bottom\"><span style=\"color: #000000;\">2088<\/span><\/td>\n<\/tr>\n<tr>\n<td style=\"width: 26px;\" align=\"right\" valign=\"bottom\" height=\"21\"><span style=\"color: #000000;\">16<\/span><\/td>\n<td style=\"width: 288px;\" align=\"left\" valign=\"bottom\"><span style=\"color: #000000;\">Boris Druzhinin<\/span><\/td>\n<td style=\"width: 10px;\"><span style=\"color: #000000;\">LIT<\/span><\/td>\n<td style=\"width: 10px;\" align=\"left\" valign=\"bottom\"><span style=\"color: #000000;\">MI<\/span><\/td>\n<td style=\"width: 66px; text-align: center;\" align=\"right\" valign=\"bottom\"><span style=\"color: #000000;\">2086<\/span><\/td>\n<\/tr>\n<tr>\n<td style=\"width: 26px;\" align=\"right\" valign=\"bottom\" height=\"21\"><span style=\"color: #000000;\">17<\/span><\/td>\n<td style=\"width: 288px;\" align=\"left\" valign=\"bottom\"><span style=\"color: #000000;\">Ago Voorem\u00e4e<\/span><\/td>\n<td style=\"width: 10px;\"><span style=\"color: #000000;\">EST<\/span><\/td>\n<td style=\"width: 10px;\" align=\"left\" valign=\"bottom\">&nbsp;<\/td>\n<td style=\"width: 66px; text-align: center;\" align=\"right\" valign=\"bottom\"><span style=\"color: #000000;\">2044<\/span><\/td>\n<\/tr>\n<tr>\n<td style=\"width: 26px;\" align=\"right\" valign=\"bottom\" height=\"21\"><span style=\"color: #000000;\">18<\/span><\/td>\n<td style=\"width: 288px;\" align=\"left\" valign=\"bottom\"><span style=\"color: #000000;\">Keir-Christian Sugul<\/span><\/td>\n<td style=\"width: 10px;\"><span style=\"color: #000000;\">EST<\/span><\/td>\n<td style=\"width: 10px;\" align=\"left\" valign=\"bottom\">&nbsp;<\/td>\n<td style=\"width: 66px; text-align: center;\" align=\"right\" valign=\"bottom\"><span style=\"color: #000000;\">1960<\/span><\/td>\n<\/tr>\n<tr>\n<td style=\"width: 26px;\" align=\"left\" valign=\"bottom\" height=\"21\">&nbsp;<\/td>\n<td style=\"width: 288px;\" align=\"left\" valign=\"bottom\">&nbsp;<\/td>\n<td style=\"width: 10px;\">&nbsp;<\/td>\n<td style=\"width: 10px;\" align=\"left\" valign=\"bottom\">&nbsp;<\/td>\n<td style=\"width: 66px;\" align=\"left\" valign=\"bottom\">&nbsp;<\/td>\n<\/tr>\n<tr>\n<td style=\"width: 26px;\" align=\"left\" valign=\"bottom\" height=\"21\">&nbsp;<\/td>\n<td style=\"width: 288px;\" align=\"left\" valign=\"bottom\"><span style=\"color: #000000;\">Women<\/span><\/td>\n<td style=\"width: 10px;\"><span style=\"color: #000000;\">Country<\/span><\/td>\n<td style=\"width: 10px;\" align=\"left\" valign=\"bottom\"><span style=\"color: #000000;\">Title<\/span><\/td>\n<td style=\"width: 66px; text-align: center;\" align=\"left\" valign=\"bottom\"><span style=\"color: #000000;\">Rtg<\/span><\/td>\n<\/tr>\n<tr>\n<td style=\"width: 26px;\" align=\"right\" valign=\"bottom\" height=\"21\"><span style=\"color: #000000;\">1<\/span><\/td>\n<td style=\"width: 288px;\" align=\"left\" valign=\"bottom\"><span style=\"color: #000000;\">Antra Valnere<\/span><\/td>\n<td style=\"width: 10px;\"><span style=\"color: #000000;\">LAT<\/span><\/td>\n<td style=\"width: 10px;\" align=\"left\" valign=\"bottom\"><span style=\"color: #000000;\">WMI<\/span><\/td>\n<td style=\"width: 66px; text-align: center;\" align=\"right\" valign=\"bottom\"><span style=\"color: #000000;\">2184<\/span><\/td>\n<\/tr>\n<tr>\n<td style=\"width: 26px;\" align=\"right\" valign=\"bottom\" height=\"21\"><span style=\"color: #000000;\">2<\/span><\/td>\n<td style=\"width: 288px;\" align=\"left\" valign=\"bottom\"><span style=\"color: #000000;\">Regina Pironena<\/span><\/td>\n<td style=\"width: 10px;\"><span style=\"color: #000000;\">LAT<\/span><\/td>\n<td style=\"width: 10px;\" align=\"left\" valign=\"bottom\"><span style=\"color: #000000;\">WMF<\/span><\/td>\n<td style=\"width: 66px; text-align: center;\" align=\"right\" valign=\"bottom\"><span style=\"color: #000000;\">2168<\/span><\/td>\n<\/tr>\n<tr>\n<td style=\"width: 26px;\" align=\"right\" valign=\"bottom\" height=\"21\"><span style=\"color: #000000;\">3<\/span><\/td>\n<td style=\"width: 288px;\" align=\"left\" valign=\"bottom\"><span style=\"color: #000000;\">Kaari Vainonen<\/span><\/td>\n<td style=\"width: 10px;\"><span style=\"color: #000000;\">EST<\/span><\/td>\n<td style=\"width: 10px;\" align=\"left\" valign=\"bottom\"><span style=\"color: #000000;\">WMI<\/span><\/td>\n<td style=\"width: 66px; text-align: center;\" align=\"right\" valign=\"bottom\"><span style=\"color: #000000;\">2108<\/span><\/td>\n<\/tr>\n<tr>\n<td style=\"width: 26px;\" align=\"right\" valign=\"bottom\" height=\"21\"><span style=\"color: #000000;\">4<\/span><\/td>\n<td style=\"width: 288px;\" align=\"left\" valign=\"bottom\"><span style=\"color: #000000;\">Marija Alekseri\u016bnait\u0117<\/span><\/td>\n<td style=\"width: 10px;\"><span style=\"color: #000000;\">LIT<\/span><\/td>\n<td style=\"width: 10px;\" align=\"left\" valign=\"bottom\">&nbsp;<\/td>\n<td style=\"width: 66px; text-align: center;\" align=\"right\" valign=\"bottom\"><span style=\"color: #000000;\">2094<\/span><\/td>\n<\/tr>\n<tr>\n<td style=\"width: 26px;\" align=\"right\" valign=\"bottom\" height=\"21\"><span style=\"color: #000000;\">5<\/span><\/td>\n<td style=\"width: 288px;\" align=\"left\" valign=\"bottom\"><span style=\"color: #000000;\">Merilii Jalg<\/span><\/td>\n<td style=\"width: 10px;\"><span style=\"color: #000000;\">EST<\/span><\/td>\n<td style=\"width: 10px;\" align=\"left\" valign=\"bottom\">&nbsp;<\/td>\n<td style=\"width: 66px; text-align: center;\" align=\"right\" valign=\"bottom\"><span style=\"color: #000000;\">2073<\/span><\/td>\n<\/tr>\n<tr>\n<td style=\"width: 26px;\" align=\"right\" valign=\"bottom\" height=\"21\"><span style=\"color: #000000;\">6<\/span><\/td>\n<td style=\"width: 288px;\" align=\"left\" valign=\"bottom\"><span style=\"color: #000000;\">Rita Pa\u010dkauskaite<\/span><\/td>\n<td style=\"width: 10px;\"><span style=\"color: #000000;\">LIT<\/span><\/td>\n<td style=\"width: 10px;\" align=\"left\" valign=\"bottom\">&nbsp;<\/td>\n<td style=\"width: 66px; text-align: center;\" align=\"right\" valign=\"bottom\"><span style=\"color: #000000;\">2061<\/span><\/td>\n<\/tr>\n<tr>\n<td style=\"width: 26px;\" align=\"right\" valign=\"bottom\" height=\"21\"><span style=\"color: #000000;\">7<\/span><\/td>\n<td style=\"width: 288px;\" align=\"left\" valign=\"bottom\"><span style=\"color: #000000;\">Piret Viirma<\/span><\/td>\n<td style=\"width: 10px;\"><span style=\"color: #000000;\">EST<\/span><\/td>\n<td style=\"width: 10px;\" align=\"left\" valign=\"bottom\">&nbsp;<\/td>\n<td style=\"width: 66px; text-align: center;\" align=\"right\" valign=\"bottom\"><span style=\"color: #000000;\">2042<\/span><\/td>\n<\/tr>\n<tr>\n<td style=\"width: 26px;\" align=\"right\" valign=\"bottom\" height=\"21\"><span style=\"color: #000000;\">8<\/span><\/td>\n<td style=\"width: 288px;\" align=\"left\" valign=\"bottom\"><span style=\"color: #000000;\">Nona Nano<\/span><\/td>\n<td style=\"width: 10px;\"><span style=\"color: #000000;\">EST<\/span><\/td>\n<td style=\"width: 10px;\" align=\"left\" valign=\"bottom\">&nbsp;<\/td>\n<td style=\"width: 66px; text-align: center;\" align=\"right\" valign=\"bottom\"><span style=\"color: #000000;\">2000<\/span><\/td>\n<\/tr>\n<tr>\n<td style=\"width: 26px;\" align=\"right\" valign=\"bottom\" height=\"21\"><span style=\"color: #000000;\">9<\/span><\/td>\n<td style=\"width: 288px;\" align=\"left\" valign=\"bottom\"><span style=\"color: #000000;\">Triinu Jalg<\/span><\/td>\n<td style=\"width: 10px;\"><span style=\"color: #000000;\">EST<\/span><\/td>\n<td style=\"width: 10px;\" align=\"left\" valign=\"bottom\">&nbsp;<\/td>\n<td style=\"width: 66px; text-align: center;\" align=\"right\" valign=\"bottom\"><span style=\"color: #000000;\">1971<\/span><\/td>\n<\/tr>\n<\/tbody>\n<\/table>\n<p>&nbsp;<\/p>\n<p>&nbsp;<\/p>\n<p><a href=\"http:\/\/www.jogevakabeklubi.ee\/wp-content\/uploads\/2020\/09\/Baltic-Cup-2020-plakat-scaled.jpg\"><img decoding=\"async\" loading=\"lazy\" class=\"alignleft wp-image-9156\" src=\"http:\/\/www.jogevakabeklubi.ee\/wp-content\/uploads\/2020\/09\/Baltic-Cup-2020-plakat-724x1024.jpg\" alt=\"\" width=\"566\" height=\"800\" srcset=\"https:\/\/www.jogevakabeklubi.ee\/wp-content\/uploads\/2020\/09\/Baltic-Cup-2020-plakat-724x1024.jpg 724w, https:\/\/www.jogevakabeklubi.ee\/wp-content\/uploads\/2020\/09\/Baltic-Cup-2020-plakat-212x300.jpg 212w, https:\/\/www.jogevakabeklubi.ee\/wp-content\/uploads\/2020\/09\/Baltic-Cup-2020-plakat-768x1086.jpg 768w, https:\/\/www.jogevakabeklubi.ee\/wp-content\/uploads\/2020\/09\/Baltic-Cup-2020-plakat-1086x1536.jpg 1086w, https:\/\/www.jogevakabeklubi.ee\/wp-content\/uploads\/2020\/09\/Baltic-Cup-2020-plakat-1448x2048.jpg 1448w, https:\/\/www.jogevakabeklubi.ee\/wp-content\/uploads\/2020\/09\/Baltic-Cup-2020-plakat-scaled.jpg 1810w\" sizes=\"(max-width: 566px) 100vw, 566px\" \/><\/a><\/p>\n<p>&nbsp;<\/p>\n<p>&nbsp;<\/p>\n<p>&nbsp;<\/p>\n<p>&nbsp;<\/p>\n<p>&nbsp;<\/p>\n<p>&nbsp;<\/p>\n<p>&nbsp;<\/p>\n<p>&nbsp;<\/p>\n<p>&nbsp;<\/p>\n<p>&nbsp;<\/p>\n<p>&nbsp;<\/p>\n<p>&nbsp;<\/p>\n<p>&nbsp;<\/p>\n<p>&nbsp;<\/p>\n<p>&nbsp;<\/p>\n<p>&nbsp;<\/p>\n<p>&nbsp;<\/p>\n<p>&nbsp;<\/p>\n<p>&nbsp;<\/p>\n<p>&nbsp;<\/p>\n<p>&nbsp;<\/p>\n<p>&nbsp;<\/p>\n<p>&nbsp;<\/p>\n<p><span style=\"color: #ff0000;\"><strong>Toetajad:<br \/>\n<\/strong><\/span><a href=\"http:\/\/www.jogevakabeklubi.ee\/wp-content\/uploads\/2018\/04\/jv.jpg\"><br \/>\n<\/a><a href=\"http:\/\/www.jogevakabeklubi.ee\/wp-content\/uploads\/2018\/04\/jv.jpg\"><img decoding=\"async\" loading=\"lazy\" class=\"alignleft wp-image-7374\" src=\"http:\/\/www.jogevakabeklubi.ee\/wp-content\/uploads\/2018\/04\/jv-1024x290.jpg\" alt=\"\" width=\"317\" height=\"90\" srcset=\"https:\/\/www.jogevakabeklubi.ee\/wp-content\/uploads\/2018\/04\/jv-1024x290.jpg 1024w, https:\/\/www.jogevakabeklubi.ee\/wp-content\/uploads\/2018\/04\/jv-300x85.jpg 300w, https:\/\/www.jogevakabeklubi.ee\/wp-content\/uploads\/2018\/04\/jv-768x218.jpg 768w, https:\/\/www.jogevakabeklubi.ee\/wp-content\/uploads\/2018\/04\/jv.jpg 1862w\" sizes=\"(max-width: 317px) 100vw, 317px\" \/><\/a><\/p>\n<p>&nbsp;<\/p>\n<p>&nbsp;<\/p>\n<p>&nbsp;<\/p>\n<p><a href=\"http:\/\/www.jogevakabeklubi.ee\/wp-content\/uploads\/2018\/04\/Kulka_logo.jpg\"><img decoding=\"async\" loading=\"lazy\" class=\"alignleft wp-image-7382\" src=\"http:\/\/www.jogevakabeklubi.ee\/wp-content\/uploads\/2018\/04\/Kulka_logo-1024x478.jpg\" alt=\"\" width=\"214\" height=\"100\" srcset=\"https:\/\/www.jogevakabeklubi.ee\/wp-content\/uploads\/2018\/04\/Kulka_logo-1024x478.jpg 1024w, https:\/\/www.jogevakabeklubi.ee\/wp-content\/uploads\/2018\/04\/Kulka_logo-300x140.jpg 300w, https:\/\/www.jogevakabeklubi.ee\/wp-content\/uploads\/2018\/04\/Kulka_logo-768x358.jpg 768w, https:\/\/www.jogevakabeklubi.ee\/wp-content\/uploads\/2018\/04\/Kulka_logo.jpg 1217w\" sizes=\"(max-width: 214px) 100vw, 214px\" \/><\/a><\/p>\n<p>&nbsp;<\/p>\n<p>&nbsp; &nbsp; &nbsp; &nbsp; &nbsp; &nbsp; &nbsp; &nbsp; &nbsp;<\/p>\n<p>&nbsp;<\/p>\n<p>&nbsp;<\/p>\n<p><a href=\"http:\/\/www.jogevakabeklubi.ee\/wp-content\/uploads\/2010\/07\/Ort1.jpg\"><img decoding=\"async\" loading=\"lazy\" class=\"alignleft wp-image-936\" src=\"http:\/\/www.jogevakabeklubi.ee\/wp-content\/uploads\/2010\/07\/Ort1.jpg\" alt=\"\" width=\"148\" height=\"100\"><\/a> <a href=\"http:\/\/www.jogevakabeklubi.ee\/wp-content\/uploads\/2016\/07\/S\u00e4rka-Sport.jpg\"><img decoding=\"async\" loading=\"lazy\" class=\"alignleft wp-image-3965\" src=\"http:\/\/www.jogevakabeklubi.ee\/wp-content\/uploads\/2016\/07\/S\u00e4rka-Sport.jpg\" alt=\"\" width=\"147\" height=\"100\"><\/a><\/p>\n","protected":false},"excerpt":{"rendered":"<h4><span style=\"color: #0000ff;\">TULEMUSED\/RESULTS<\/span> <\/p>\n<p><span style=\"color: #ff0000;\"><a style=\"color: #ff0000;\" href=\"https:\/\/results.fmjd.org\/tournaments\/2020\/f_612\/\">MEN<\/a><\/span> <\/p>\n<p><span style=\"color: #ff0000;\"><a style=\"color: #ff0000;\" href=\"https:\/\/results.fmjd.org\/tournaments\/2020\/f_611\/\">WOMEN<\/a><\/span><\/h4>\n<p><strong><span style=\"color: #000000;\">Participants list:<\/span><\/strong> <\/p>\n<p>&nbsp;<br \/>\n<span style=\"color: #000000;\">Men<\/span><br \/>\n<span style=\"color: #000000;\">Country<\/span><br \/>\n<span style=\"color: #000000;\">Title<\/span><br \/>\n<span style=\"color: #000000;\">Rtg<\/span> <\/p>\n<p><span style=\"color: #000000;\">1<\/span><br \/>\n<span style=\"color: #000000;\">Andrius Kybartas<\/span><br \/>\n<span style=\"color: #000000;\">LIT<\/span><br \/>\n<span style=\"color: #000000;\">GMI<\/span><br \/>\n<span style=\"color: #000000;\">2484<\/span> <\/p>\n<p><span style=\"color: #000000;\">2<\/span><br \/>\n<span style=\"color: #000000;\">Arunas Norvaishas<\/span><br \/>\n<span style=\"color: #000000;\">LIT<\/span><br \/>\n<span style=\"color: #000000;\">GMI<\/span><br \/>\n<span style=\"color: #000000;\">2476<\/span> <\/p>\n<p><span style=\"color: #000000;\">3<\/span><br \/>\n<span style=\"color: #000000;\">Aleksej Domchev<\/span><br \/>\n<span style=\"color: #000000;\">LIT<\/span><br \/>\n<span style=\"color: #000000;\">GMI<\/span><br \/>\n<span style=\"color: #000000;\">2443<\/span> <\/p>\n<p><span style=\"color: #000000;\">4<\/span><br \/>\n<span style=\"color: #000000;\">Guntis Valneris<\/span> <div class=\"pgee-read-more\"><a href=\"https:\/\/www.jogevakabeklubi.ee\/?page_id=9155\">J\u00e4tka lugemist<\/a><\/div><\/p>","protected":false},"author":1,"featured_media":0,"parent":0,"menu_order":0,"comment_status":"closed","ping_status":"closed","template":"","meta":{"ngg_post_thumbnail":0,"footnotes":""},"_links":{"self":[{"href":"https:\/\/www.jogevakabeklubi.ee\/index.php?rest_route=\/wp\/v2\/pages\/9155"}],"collection":[{"href":"https:\/\/www.jogevakabeklubi.ee\/index.php?rest_route=\/wp\/v2\/pages"}],"about":[{"href":"https:\/\/www.jogevakabeklubi.ee\/index.php?rest_route=\/wp\/v2\/types\/page"}],"author":[{"embeddable":true,"href":"https:\/\/www.jogevakabeklubi.ee\/index.php?rest_route=\/wp\/v2\/users\/1"}],"replies":[{"embeddable":true,"href":"https:\/\/www.jogevakabeklubi.ee\/index.php?rest_route=%2Fwp%2Fv2%2Fcomments&post=9155"}],"version-history":[{"count":11,"href":"https:\/\/www.jogevakabeklubi.ee\/index.php?rest_route=\/wp\/v2\/pages\/9155\/revisions"}],"predecessor-version":[{"id":9168,"href":"https:\/\/www.jogevakabeklubi.ee\/index.php?rest_route=\/wp\/v2\/pages\/9155\/revisions\/9168"}],"wp:attachment":[{"href":"https:\/\/www.jogevakabeklubi.ee\/index.php?rest_route=%2Fwp%2Fv2%2Fmedia&parent=9155"}],"curies":[{"name":"wp","href":"https:\/\/api.w.org\/{rel}","templated":true}]}}