{"id":8844,"date":"2019-12-22T21:41:33","date_gmt":"2019-12-22T19:41:33","guid":{"rendered":"http:\/\/www.jogevakabeklubi.ee\/?page_id=8844"},"modified":"2021-05-18T22:34:01","modified_gmt":"2021-05-18T19:34:01","slug":"__trashed","status":"publish","type":"page","link":"https:\/\/www.jogevakabeklubi.ee\/?page_id=8844","title":{"rendered":"V\u00d5ISTLUSKALENDER 2020"},"content":{"rendered":"\r\n<p class=\"has-text-color has-luminous-vivid-orange-color\" style=\"font-size: 18px;\"><strong><a href=\"http:\/\/www.jogevakabeklubi.ee\/wp-content\/uploads\/2020\/06\/J\u00f5gevamaa-meistriv\u00f5istluste-kabe-\u00fcldjuhend-2020.pdf\">J\u00f5gevamaa meistriv\u00f5istluste 2020 \u00fcldjuhend<\/a><\/strong><\/p>\r\n\r\n\r\n\r\n<p class=\"has-text-color has-vivid-cyan-blue-color\" style=\"font-size: 18px;\"><a href=\"http:\/\/www.jogevakabeklubi.ee\/wp-content\/uploads\/2020\/07\/J\u00f5geva-KK-karikav\u00f5istluse-2020-juhend-3.pdf\"><strong>J\u00f5geva Kabeklubi karikav\u00f5istluse 2020 juhend<\/strong><\/a><\/p>\r\n\r\n<table class=\"aligncenter\" style=\"width: 700px; border-collapse: collapse;\" border=\"1\">\r\n<thead>\r\n<tr style=\"height: 20px;\">\r\n<th style=\"height: 20px; width: 95px; background-color: #dcfadc;\"><span style=\"font-size: medium; font-weight: bold; text-align: -webkit-center; color: #000000;\">Aeg<\/span><\/th>\r\n<th style=\"width: 299px; height: 20px; background-color: #dcfadc; text-align: center;\"><span style=\"font-size: medium; font-weight: bold; text-align: -webkit-center; color: #000000;\">\u00dcritus<\/span><\/th>\r\n<th style=\"width: 68px; height: 20px; background-color: #dcfadc; text-align: center;\"><span style=\"font-size: medium; font-weight: bold; text-align: -webkit-center; color: #000000;\">M\u00e4ngu-<\/span><br style=\"font-size: medium; font-weight: bold; text-align: -webkit-center;\"><span style=\"color: #000000;\"><span style=\"font-size: medium; font-weight: bold; text-align: -webkit-center;\">liik<\/span>&nbsp;<\/span><\/th>\r\n<th style=\"width: 246px; height: 20px; background-color: #dcfadc;\"><span style=\"font-size: medium; font-weight: bold; text-align: -webkit-center; color: #000000;\">Koht\/<\/span><br style=\"font-size: medium; font-weight: bold; text-align: -webkit-center;\"><span style=\"color: #000000;\"><span style=\"font-size: medium; font-weight: bold; text-align: -webkit-center;\">korraldaja<\/span>&nbsp;<\/span><\/th>\r\n<\/tr>\r\n<\/thead>\r\n<tbody>\r\n<tr style=\"height: 23px;\">\r\n<td style=\"width: 708px; height: 23px;\" colspan=\"4\"><span style=\"color: #000000;\"><strong>JAANUAR<\/strong><\/span><\/td>\r\n<\/tr>\r\n<tr style=\"height: 23px;\">\r\n<td style=\"width: 95px; height: 23px;\"><span style=\"color: #000000;\">11. kell 10<\/span><\/td>\r\n<td style=\"width: 299px; height: 23px;\"><span style=\"color: #ff0000;\"><a style=\"color: #ff0000;\" href=\"https:\/\/jogevakabeklubi.ee\/turniirid\/mv64_karikas2020_1\"><span style=\"color: #0000ff;\">J\u00f5gevamaa mv\/ J\u00f5geva KK karikav\u00f5istluse I etapp<\/span><\/a><\/span><\/td>\r\n<td style=\"width: 68px; height: 23px;\"><span style=\"color: #000000;\">64<\/span><\/td>\r\n<td style=\"width: 246px; height: 23px;\"><span style=\"color: #000000;\">Virtus, J\u00f5geva<\/span><br><span style=\"color: #000000;\">JSL Kalju, J\u00f5geva Kabeklubi<\/span><\/td>\r\n<\/tr>\r\n<tr style=\"height: 23px;\">\r\n<td style=\"height: 23px; width: 708px;\" colspan=\"4\"><span style=\"color: #000000;\"><strong>VEEBRUAR<\/strong><\/span><\/td>\r\n<\/tr>\r\n<tr style=\"height: 23px;\">\r\n<td style=\"width: 95px; height: 23px;\"><span style=\"color: #000000;\">08. kell 10<\/span><\/td>\r\n<td style=\"width: 299px; height: 23px;\"><span style=\"color: #0000ff;\"><a style=\"color: #0000ff;\" href=\"https:\/\/jogevakabeklubi.ee\/turniirid\/karikas2020_2\">J\u00f5geva KK karikav\u00f5istluse II etapp<\/a><\/span><\/td>\r\n<td style=\"width: 68px; height: 23px;\"><span style=\"color: #000000;\">64<\/span><\/td>\r\n<td style=\"width: 246px; height: 23px;\"><span style=\"color: #000000;\">Virtus, J\u00f5geva<\/span><br><span style=\"color: #000000;\">J\u00f5geva Kabeklubi<\/span><\/td>\r\n<\/tr>\r\n<tr style=\"height: 23px;\">\r\n<td style=\"width: 95px; height: 23px;\"><span style=\"color: #000000;\">15. kell 10<\/span><\/td>\r\n<td style=\"width: 299px; height: 23px;\"><span style=\"color: #0000ff;\"><a style=\"color: #0000ff;\" href=\"https:\/\/jogevakabeklubi.ee\/turniirid\/mv100_karikas2020_3\">J\u00f5gevamaa mv\/ J\u00f5geva KK karikav\u00f5istluse III etapp<\/a><\/span><\/td>\r\n<td style=\"width: 68px; height: 23px;\"><span style=\"color: #000000;\">100<\/span><\/td>\r\n<td style=\"width: 246px; height: 23px;\"><span style=\"color: #000000;\">Virtus, J\u00f5geva<\/span><br><span style=\"color: #000000;\">JSL Kalju, J\u00f5geva Kabeklubi<\/span><\/td>\r\n<\/tr>\r\n<tr style=\"height: 23px;\">\r\n<td style=\"width: 708px; height: 23px;\" colspan=\"4\"><span style=\"color: #000000;\"><strong>APRILL<\/strong><\/span><\/td>\r\n<\/tr>\r\n<tr style=\"height: 44px;\">\r\n<td style=\"width: 95px; height: 44px;\"><span style=\"color: #000000;\">04. kell 10<\/span><\/td>\r\n<td style=\"width: 299px; height: 44px;\"><span style=\"color: #000000;\">Kaarli 13. kabeturniir<br>Info tel 507 1607<br>V\u00f5istlus j\u00e4\u00e4b \u00e4ra!<\/span><\/td>\r\n<td style=\"width: 68px; height: 44px;\"><span style=\"color: #000000;\">64<\/span><\/td>\r\n<td style=\"width: 246px; height: 44px;\"><span style=\"color: #000000;\">Vara koolimaja<br>T\u00dc Kaarli<\/span><\/td>\r\n<\/tr>\r\n<tr style=\"height: 23px;\">\r\n<td style=\"width: 708px; height: 23px;\" colspan=\"4\"><span style=\"color: #000000;\"><strong>MAI<\/strong><\/span><\/td>\r\n<\/tr>\r\n<tr style=\"height: 43px;\">\r\n<td style=\"width: 95px; height: 43px;\"><span style=\"color: #000000;\">30. kell 10<\/span><\/td>\r\n<td style=\"width: 299px; height: 43px;\"><span style=\"color: #000000;\">J\u00f5geva Pargikabe 2020<br>V\u00f5istlus j\u00e4\u00e4b \u00e4ra!<br><\/span><\/td>\r\n<td style=\"width: 68px; height: 43px;\"><span style=\"color: #000000;\">64<\/span><\/td>\r\n<td style=\"width: 246px; height: 43px;\"><span style=\"color: #000000;\">J\u00f5geva Kabev\u00e4ljak<\/span><br><span style=\"color: #000000;\">J\u00f5geva Kabeklubi<\/span><\/td>\r\n<\/tr>\r\n<tr style=\"height: 43px;\">\r\n<td style=\"width: 95px; height: 43px;\"><span style=\"color: #000000;\">31. kell 11<\/span><\/td>\r\n<td style=\"width: 299px; height: 43px;\"><span style=\"color: #000000;\">Eesti seenioride meistriv\u00f5istlused<br>V\u00f5istlus edasi l\u00fckatud!<br><\/span><\/td>\r\n<td style=\"width: 68px; height: 43px;\"><span style=\"color: #000000;\">64<\/span><\/td>\r\n<td style=\"width: 246px; height: 43px;\"><span style=\"color: #000000;\">Virtus, J\u00f5geva<\/span><br><span style=\"color: #000000;\">EKL, J\u00f5geva Kabeklubi<\/span><\/td>\r\n<\/tr>\r\n<tr style=\"height: 24px;\">\r\n<td style=\"width: 708px; height: 24px;\" colspan=\"4\"><span style=\"color: #000000;\"><strong>JUUNI<\/strong><\/span><\/td>\r\n<\/tr>\r\n<tr style=\"height: 48px;\">\r\n<td style=\"width: 95px; height: 48px;\"><span style=\"color: #000000;\">13. kell 10<\/span><\/td>\r\n<td style=\"width: 299px; height: 48px;\"><span style=\"color: #000000;\"><span style=\"color: #0000ff;\"><a style=\"color: #0000ff;\" href=\"https:\/\/jogevakabeklubi.ee\/turniirid\/jogevamaa_veteranide_mv2020\">J\u00f5gevamaa seenioride mv<\/a><\/span><br><\/span><\/td>\r\n<td style=\"width: 68px; height: 48px;\">64<\/td>\r\n<td style=\"width: 246px; height: 48px;\"><span style=\"color: #000000;\">Virtus, J\u00f5geva<\/span><br><span style=\"color: #000000;\">J\u00f5geva SVK, J\u00f5geva Kabeklubi<\/span><\/td>\r\n<\/tr>\r\n<tr style=\"height: 48px;\">\r\n<td style=\"width: 95px; height: 48px;\"><span style=\"color: #000000;\">20. kell 10<\/span><\/td>\r\n<td style=\"width: 299px; height: 48px;\"><span style=\"color: #0000ff;\"><a style=\"color: #0000ff;\" href=\"https:\/\/jogevakabeklubi.ee\/turniirid\/jogevamaa_valk64_2020\">J\u00f5gevamaa mv v\u00e4lkkabes\/ J\u00f5geva KK karikav\u00f5istluse IV etapp<\/a><\/span><\/td>\r\n<td style=\"width: 68px; height: 48px;\"><span style=\"color: #000000;\">64<\/span><\/td>\r\n<td style=\"width: 246px; height: 48px;\"><span style=\"color: #000000;\">Virtus, J\u00f5geva<br>JSL Kalju, J\u00f5geva Kabeklubi<\/span><\/td>\r\n<\/tr>\r\n<tr style=\"height: 48px;\">\r\n<td style=\"width: 95px; height: 48px;\"><span style=\"color: #000000;\">20. kell 10<\/span><\/td>\r\n<td style=\"width: 299px; height: 48px;\"><span style=\"color: #0000ff;\"><a style=\"color: #0000ff;\" href=\"https:\/\/jogevakabeklubi.ee\/turniirid\/jogevamaa_valk100_2020\">J\u00f5gevamaa mv v\u00e4lkkabes\/ J\u00f5geva KK karikav\u00f5istluse IV etapp<\/a><\/span><\/td>\r\n<td style=\"width: 68px; height: 48px;\"><span style=\"color: #000000;\">100<\/span><\/td>\r\n<td style=\"width: 246px; height: 48px;\"><span style=\"color: #000000;\">Virtus, J\u00f5geva<br>JSL Kalju, J\u00f5geva Kabeklubi<\/span><\/td>\r\n<\/tr>\r\n<tr style=\"height: 24px;\">\r\n<td style=\"width: 708px; height: 24px;\" colspan=\"4\"><span style=\"color: #000000;\"><strong>JUULI<\/strong><\/span><\/td>\r\n<\/tr>\r\n<tr style=\"height: 48px;\">\r\n<td style=\"width: 95px; height: 48px;\"><span style=\"color: #000000;\">04. kell 10<\/span><\/td>\r\n<td style=\"width: 299px; height: 48px;\"><span style=\"color: #ff0000;\"><a style=\"color: #ff0000;\" href=\"https:\/\/jogevakabeklubi.ee\/turniirid\/jogevamaa_mv_br_2020\"><span style=\"color: #000000;\"><span style=\"color: #0000ff;\">J\u00f5gevamaa mv brasiilia kabes\/ J\u00f5geva KK karikav\u00f5istluse V etapp<\/span><\/span><\/a><\/span><\/td>\r\n<td style=\"width: 68px; height: 48px;\"><span style=\"color: #000000;\">64<\/span><\/td>\r\n<td style=\"width: 246px; height: 48px;\"><span style=\"color: #000000;\">Virtus, J\u00f5geva<br>JSL Kalju, J\u00f5geva Kabeklubi<\/span><\/td>\r\n<\/tr>\r\n<tr style=\"height: 23px;\">\r\n<td style=\"width: 708px; height: 23px;\" colspan=\"4\"><span style=\"color: #000000;\"><strong>AUGUST<\/strong><\/span><\/td>\r\n<\/tr>\r\n<tr style=\"height: 23px;\">\r\n<td style=\"width: 95px; height: 23px;\"><span style=\"color: #000000;\">01. kell 10<\/span><\/td>\r\n<td style=\"width: 299px; height: 23px;\"><span style=\"color: #000000;\"><span style=\"color: #0000ff;\"><a style=\"color: #0000ff;\" href=\"http:\/\/www.jogevakabeklubi.ee\/?p=9084\">39. kabetajate kokkutulek<\/a><\/span><br><br><\/span><\/td>\r\n<td style=\"width: 68px; height: 23px;\"><span style=\"color: #000000;\">&nbsp;<\/span><\/td>\r\n<td style=\"width: 246px; height: 23px;\"><span style=\"color: #000000;\">Paduvere, J\u00f5gevamaa<br>J\u00f5geva Kabeklubi, J\u00fcri L\u00e4tt<\/span><\/td>\r\n<\/tr>\r\n<tr style=\"height: 47px;\">\r\n<td style=\"width: 95px; height: 47px;\"><span style=\"color: #000000;\">01. kell 10<\/span><\/td>\r\n<td style=\"width: 299px; height: 47px;\"><span style=\"color: #0000ff;\"><a style=\"color: #0000ff;\" href=\"https:\/\/jogevakabeklubi.ee\/turniirid\/karikas2020_6\">J\u00f5geva KK karikav\u00f5istluse VI etapp<\/a><\/span><\/td>\r\n<td style=\"width: 68px; height: 47px;\"><span style=\"color: #000000;\">64<\/span><\/td>\r\n<td style=\"width: 246px; height: 47px;\"><span style=\"color: #000000;\">Paduvere, J\u00f5gevamaa<br>J\u00f5geva Kabeklubi<\/span><\/td>\r\n<\/tr>\r\n<tr>\r\n<td style=\"width: 95px;\"><span style=\"color: #000000;\">09. kell 10<\/span><\/td>\r\n<td style=\"width: 299px;\"><span style=\"color: #0000ff;\"><a style=\"color: #0000ff;\" href=\"http:\/\/www.jogevakabeklubi.ee\/?p=9109\">Tiit L\u00e4\u00e4ne ja Janek M\u00e4ggi paarissimultaan<\/a><\/span><\/td>\r\n<td style=\"width: 68px;\"><span style=\"color: #000000;\">64&nbsp;<\/span><\/td>\r\n<td style=\"width: 246px;\"><span style=\"color: #000000;\">J\u00f5geva Kultuurikeskus<br>J\u00f5geva vald, J\u00f5geva Kabeklubi<\/span><\/td>\r\n<\/tr>\r\n<tr>\r\n<td style=\"width: 95px;\"><span style=\"color: #000000;\">22. kell 10<\/span><\/td>\r\n<td style=\"width: 299px;\"><span style=\"color: #0000ff;\"><a style=\"color: #0000ff;\" href=\"https:\/\/jogevakabeklubi.ee\/turniirid\/karikas2020_7\">J\u00f5geva KK karikav\u00f5istluse VII etapp<\/a><\/span><\/td>\r\n<td style=\"width: 68px;\"><span style=\"color: #000000;\">64<\/span><\/td>\r\n<td style=\"width: 246px;\"><span style=\"color: #000000;\">Virtus, J\u00f5geva<br>J\u00f5geva Kabeklubi<\/span><\/td>\r\n<\/tr>\r\n<tr style=\"height: 23px;\">\r\n<td style=\"height: 23px; width: 708px;\" colspan=\"4\"><span style=\"color: #000000;\"><strong>SEPTEMBER<\/strong><\/span><\/td>\r\n<\/tr>\r\n<tr style=\"height: 43px;\">\r\n<td style=\"width: 95px; height: 43px;\"><span style=\"color: #000000;\">11.-13. kl 11<\/span><\/td>\r\n<td style=\"width: 299px; height: 43px;\"><span style=\"color: #0000ff;\"><a style=\"color: #0000ff;\" href=\"https:\/\/www.jogevakabeklubi.ee\/?page_id=9155\">Baltic Cup 2020<\/a><\/span><\/td>\r\n<td style=\"width: 68px; height: 43px;\"><span style=\"color: #000000;\">64<\/span><\/td>\r\n<td style=\"width: 246px; height: 43px;\"><span style=\"color: #000000;\">Kuremaa loss, Kuremaa<\/span><br><span style=\"color: #000000;\">J\u00f5geva Kabeklubi<\/span><\/td>\r\n<\/tr>\r\n<tr style=\"height: 23px;\">\r\n<td style=\"width: 95px; height: 23px;\"><span style=\"color: #000000;\"><strong>OKTOOBER<\/strong><\/span><\/td>\r\n<td style=\"width: 299px; height: 23px;\">&nbsp;<\/td>\r\n<td style=\"width: 68px; height: 23px;\">&nbsp;<\/td>\r\n<td style=\"width: 246px; height: 23px;\">&nbsp;<\/td>\r\n<\/tr>\r\n<tr>\r\n<td style=\"width: 95px;\"><span style=\"color: #000000;\">04. kell 13<\/span><\/td>\r\n<td style=\"width: 299px;\"><span style=\"color: #0000ff;\"><a style=\"color: #0000ff;\" href=\"https:\/\/jogevakabeklubi.ee\/turniirid\/Coop2020\">Coop J\u00f5geva 42. kabeturniir<\/a><\/span><\/td>\r\n<td style=\"width: 68px;\"><span style=\"color: #000000;\">64<\/span><\/td>\r\n<td style=\"width: 246px;\"><span style=\"color: #000000;\">Virtus, J\u00f5geva<br>Coop J\u00f5geva, J\u00f5geva Kabeklubi<\/span><\/td>\r\n<\/tr>\r\n<tr style=\"height: 43px;\">\r\n<td style=\"width: 95px; height: 43px;\"><span style=\"color: #000000;\">17. kell 10<\/span><\/td>\r\n<td style=\"width: 299px; height: 43px;\"><span style=\"color: #0000ff;\"><a style=\"color: #0000ff;\" href=\"https:\/\/jogevakabeklubi.ee\/turniirid\/karikas2020_8\">J\u00f5geva KK karikav\u00f5istluse VIII etapp<\/a><\/span><\/td>\r\n<td style=\"width: 68px; height: 43px;\"><span style=\"color: #000000;\">64<\/span><\/td>\r\n<td style=\"width: 246px; height: 43px;\"><span style=\"color: #000000;\">Virtus, J\u00f5geva<\/span><br><span style=\"color: #000000;\">J\u00f5geva Kabeklubi<\/span><\/td>\r\n<\/tr>\r\n<tr style=\"height: 23px;\">\r\n<td style=\"width: 708px; height: 23px;\" colspan=\"4\"><span style=\"color: #000000;\"><strong>NOVEMBER<\/strong><\/span><\/td>\r\n<\/tr>\r\n<tr style=\"height: 24px;\">\r\n<td style=\"width: 95px; height: 24px;\"><span style=\"color: #000000;\">12. kell 12<\/span><\/td>\r\n<td style=\"width: 299px; height: 24px;\"><span style=\"color: #000000;\">J\u00f5gevamaa noorte mv<br><span style=\"color: #0000ff;\"><a style=\"color: #0000ff;\" href=\"https:\/\/jogevakabeklubi.ee\/turniirid\/jogevamaa_noorte_mv64_2020_U10\">U10<\/a>, <a style=\"color: #0000ff;\" href=\"https:\/\/jogevakabeklubi.ee\/turniirid\/jogevamaa_noorte_mv64_2020_U13\">U13<\/a>, <a style=\"color: #0000ff;\" href=\"https:\/\/jogevakabeklubi.ee\/turniirid\/jogevamaa_noorte_mv64_2020_U16_19\">U16\/19<\/a><\/span><\/span><\/td>\r\n<td style=\"width: 68px; height: 24px;\"><span style=\"color: #000000;\">64<\/span><\/td>\r\n<td style=\"width: 246px; height: 24px;\"><span style=\"color: #000000;\">Palamuse G\u00fcmnaasium<br>JSL Kalju, J\u00f5geva Kabeklubi<\/span><\/td>\r\n<\/tr>\r\n<tr style=\"height: 43px;\">\r\n<td style=\"width: 95px; height: 43px;\"><span style=\"color: #000000;\">14. kell 10<\/span><\/td>\r\n<td style=\"width: 299px; height: 43px;\"><span style=\"color: #0000ff;\"><a style=\"color: #0000ff;\" href=\"https:\/\/jogevakabeklubi.ee\/turniirid\/karikas2020_9\">J\u00f5geva KK karikav\u00f5istluse IX etapp<\/a><\/span><\/td>\r\n<td style=\"width: 68px; height: 43px;\"><span style=\"color: #000000;\">64<\/span><\/td>\r\n<td style=\"width: 246px; height: 43px;\"><span style=\"color: #000000;\">Virtus, J\u00f5geva<\/span><br><span style=\"color: #000000;\">J\u00f5geva Kabeklubi<\/span><\/td>\r\n<\/tr>\r\n<tr style=\"height: 23px;\">\r\n<td style=\"width: 708px; height: 23px;\" colspan=\"4\"><span style=\"color: #000000;\"><strong>DETSEMBER<\/strong><\/span><\/td>\r\n<\/tr>\r\n<tr style=\"height: 43px;\">\r\n<td style=\"width: 95px; height: 43px;\"><span style=\"color: #000000;\">05. kell 10<\/span><\/td>\r\n<td style=\"width: 299px; height: 43px;\"><span style=\"color: #0000ff;\"><a style=\"color: #0000ff;\" href=\"https:\/\/jogevakabeklubi.ee\/turniirid\/karikas2020_10\">J\u00f5geva KK karikav\u00f5istluse X etapp<\/a><\/span><\/td>\r\n<td style=\"width: 68px; height: 43px;\"><span style=\"color: #000000;\">64<\/span><\/td>\r\n<td style=\"width: 246px; height: 43px;\"><span style=\"color: #000000;\">Virtus, J\u00f5geva<\/span><br><span style=\"color: #000000;\">J\u00f5geva Kabeklubi<\/span><\/td>\r\n<\/tr>\r\n<tr style=\"height: 43px;\">\r\n<td style=\"width: 95px; height: 43px;\"><span style=\"color: #000000;\">06. kell 11<\/span><\/td>\r\n<td style=\"width: 299px; height: 43px;\"><span style=\"color: #0000ff;\"><a style=\"color: #0000ff;\" href=\"https:\/\/jogevakabeklubi.ee\/turniirid\/Paunvere2020\/\">24. Paunvere kabeturniir<\/a>, <a style=\"color: #0000ff;\" href=\"https:\/\/jogevakabeklubi.ee\/turniirid\/Paunvere2020_U13\/\">U13<\/a>, <a style=\"color: #0000ff;\" href=\"https:\/\/jogevakabeklubi.ee\/turniirid\/Paunvere2020_U10\/\">U10<\/a><\/span><\/td>\r\n<td style=\"width: 68px; height: 43px;\"><span style=\"color: #000000;\">64<\/span><\/td>\r\n<td style=\"width: 246px; height: 43px;\"><span style=\"color: #000000;\">Kaarepere Rahvamaja<\/span><br><span style=\"color: #000000;\">Palamuse Kultuur, J\u00f5geva KK<\/span><\/td>\r\n<\/tr>\r\n<tr style=\"height: 43px;\">\r\n<td style=\"width: 95px; height: 43px;\"><span style=\"color: #000000;\">19. kell 11<\/span><\/td>\r\n<td style=\"width: 299px; height: 43px;\"><span style=\"color: #000000;\">Orthezi 16. kabeturniir<br><strong><span style=\"color: #ff0000;\">V\u00f5istlus j\u00e4\u00e4b \u00e4ra!<\/span><\/strong><br><\/span><\/td>\r\n<td style=\"width: 68px; height: 43px;\"><span style=\"color: #000000;\">64<\/span><\/td>\r\n<td style=\"width: 246px; height: 43px;\"><span style=\"color: #000000;\">Kuremaa loss, Kuremaa<\/span><br><span style=\"color: #000000;\">J\u00f5geva Kabeklubi, Orthez O\u00dc<\/span><\/td>\r\n<\/tr>\r\n<\/tbody>\r\n<\/table>\r\n<p><a href=\"https:\/\/www.jogevakabeklubi.ee\/?page_id=8161\">V\u00d5ISTLUSKALENDER 2019<\/a><br><a href=\"https:\/\/www.jogevakabeklubi.ee\/?page_id=7213\">V\u00d5ISTLUSKALENDER 2018<\/a>&nbsp;<br><a href=\"http:\/\/www.jogevakabeklubi.ee\/?page_id=4200\">V\u00d5ISTLUSKALENDER 2017&nbsp;<\/a>&nbsp;<br><a href=\"http:\/\/www.jogevakabeklubi.ee\/?page_id=3696\">V\u00d5ISTLUSKALENDER 2016<\/a>&nbsp;<a href=\"http:\/\/www.jogevakabeklubi.ee\/?page_id=3190\"><br>V\u00d5ISTLUSKALENDER 2015<\/a><br><a href=\"http:\/\/www.jogevakabeklubi.ee\/?page_id=2730\">V\u00d5ISTLUSKALENDER 2014<\/a><br><a href=\"http:\/\/www.jogevakabeklubi.ee\/?page_id=2285\">V\u00d5ISTLUSKALENDER 2013<\/a><br><a href=\"http:\/\/www.jogevakabeklubi.ee\/?page_id=1833\">V\u00d5ISTLUSKALENDER 2012<\/a><br><a href=\"http:\/\/www.jogevakabeklubi.ee\/?page_id=899\">V\u00d5ISTLUSKALENDER 2011<\/a><br><a href=\"http:\/\/www.jogevakabeklubi.ee\/?page_id=290\">V\u00d5ISTLUSKALENDER 2010<\/a><\/p>\r\n\r\n<p>&nbsp;<\/p>\r\n","protected":false},"excerpt":{"rendered":"<p class=\"has-text-color has-luminous-vivid-orange-color\" style=\"font-size: 18px;\"><strong><a href=\"http:\/\/www.jogevakabeklubi.ee\/wp-content\/uploads\/2020\/06\/J\u00f5gevamaa-meistriv\u00f5istluste-kabe-\u00fcldjuhend-2020.pdf\">J\u00f5gevamaa meistriv\u00f5istluste 2020 \u00fcldjuhend<\/a><\/strong><\/p>\n<p class=\"has-text-color has-vivid-cyan-blue-color\" style=\"font-size: 18px;\"><a href=\"http:\/\/www.jogevakabeklubi.ee\/wp-content\/uploads\/2020\/07\/J\u00f5geva-KK-karikav\u00f5istluse-2020-juhend-3.pdf\"><strong>J\u00f5geva Kabeklubi karikav\u00f5istluse 2020 juhend<\/strong><\/a><\/p>\n<p><span style=\"font-size: medium; font-weight: bold; text-align: -webkit-center; color: #000000;\">Aeg<\/span><br \/>\n<span style=\"font-size: medium; font-weight: bold; text-align: -webkit-center; color: #000000;\">\u00dcritus<\/span><br \/>\n<span style=\"font-size: medium; font-weight: bold; text-align: -webkit-center; color: #000000;\">M\u00e4ngu-<\/span><span style=\"color: #000000;\"><span style=\"font-size: medium; font-weight: bold; text-align: -webkit-center;\">liik<\/span>&nbsp;<\/span><br \/>\n<span style=\"font-size: medium; font-weight: bold; text-align: -webkit-center; color: #000000;\">Koht\/<\/span><span style=\"color: #000000;\"><span style=\"font-size: medium; font-weight: bold; text-align: -webkit-center;\">korraldaja<\/span>&nbsp;<\/span> <\/p>\n<p><span style=\"color: #000000;\"><strong>JAANUAR<\/strong><\/span> <\/p>\n<p><span style=\"color: #000000;\">11. kell 10<\/span><br \/>\n<span style=\"color: #ff0000;\"><a style=\"color: #ff0000;\" href=\"https:\/\/jogevakabeklubi.ee\/turniirid\/mv64_karikas2020_1\"><\/a><\/span> <div class=\"pgee-read-more\"><a href=\"https:\/\/www.jogevakabeklubi.ee\/?page_id=8844\">J\u00e4tka lugemist<\/a><\/div><\/p>","protected":false},"author":1,"featured_media":0,"parent":0,"menu_order":0,"comment_status":"closed","ping_status":"closed","template":"","meta":{"ngg_post_thumbnail":0,"footnotes":""},"_links":{"self":[{"href":"https:\/\/www.jogevakabeklubi.ee\/index.php?rest_route=\/wp\/v2\/pages\/8844"}],"collection":[{"href":"https:\/\/www.jogevakabeklubi.ee\/index.php?rest_route=\/wp\/v2\/pages"}],"about":[{"href":"https:\/\/www.jogevakabeklubi.ee\/index.php?rest_route=\/wp\/v2\/types\/page"}],"author":[{"embeddable":true,"href":"https:\/\/www.jogevakabeklubi.ee\/index.php?rest_route=\/wp\/v2\/users\/1"}],"replies":[{"embeddable":true,"href":"https:\/\/www.jogevakabeklubi.ee\/index.php?rest_route=%2Fwp%2Fv2%2Fcomments&post=8844"}],"version-history":[{"count":112,"href":"https:\/\/www.jogevakabeklubi.ee\/index.php?rest_route=\/wp\/v2\/pages\/8844\/revisions"}],"predecessor-version":[{"id":9314,"href":"https:\/\/www.jogevakabeklubi.ee\/index.php?rest_route=\/wp\/v2\/pages\/8844\/revisions\/9314"}],"wp:attachment":[{"href":"https:\/\/www.jogevakabeklubi.ee\/index.php?rest_route=%2Fwp%2Fv2%2Fmedia&parent=8844"}],"curies":[{"name":"wp","href":"https:\/\/api.w.org\/{rel}","templated":true}]}}