{"id":500,"date":"2010-04-05T23:20:24","date_gmt":"2010-04-05T20:20:24","guid":{"rendered":"http:\/\/www.jogevakabeklubi.ee\/?page_id=500"},"modified":"2011-06-22T19:45:09","modified_gmt":"2011-06-22T16:45:09","slug":"eseti-42-kirikabe-mv-64-r","status":"publish","type":"page","link":"https:\/\/www.jogevakabeklubi.ee\/?page_id=500","title":{"rendered":"Eesti 42. kirikabe MV (64-.r)"},"content":{"rendered":"<table border=\"0\" rules=\"cols\">\n<tbody>\n<tr>\n<td><span style=\"color: #000000;\">Koht<\/span><\/td>\n<td><span style=\"color: #000000;\">Nimi <\/span><\/td>\n<td><span style=\"color: #000000;\">JL<\/span><\/td>\n<td><span style=\"color: #000000;\">AT<\/span><\/td>\n<td><span style=\"color: #000000;\">UV<\/span><\/td>\n<td><span style=\"color: #000000;\">UP<\/span><\/td>\n<td><span style=\"color: #000000;\">AT<\/span><\/td>\n<td><span style=\"color: #000000;\">UP<\/span><\/td>\n<td><span style=\"color: #000000;\">\u00c4A<\/span><\/td>\n<td><span style=\"color: #000000;\">EL<\/span><\/td>\n<td><span style=\"color: #000000;\">RI<\/span><\/td>\n<td><span style=\"color: #000000;\">GL<\/span><\/td>\n<td><span style=\"color: #000000;\">EK<\/span><\/td>\n<td><span style=\"color: #000000;\">Punkte<\/span><\/td>\n<\/tr>\n<tr>\n<td><span style=\"color: #000000;\">4<\/span><\/td>\n<td><span style=\"color: #000000;\">J\u00fcri L\u00e4tt<\/span><\/td>\n<td align=\"center\"><span style=\"color: #000000;\">* <\/span><\/td>\n<td><span style=\"color: #000000;\">1:1<\/span><\/td>\n<td><span style=\"color: #000000;\">1:1\u00a0<\/span><\/td>\n<td><span style=\"color: #000000;\">1:1<\/span><\/td>\n<td><span style=\"color: #000000;\">1:2 <\/span><\/td>\n<td><span style=\"color: #000000;\">1:1<\/span><\/td>\n<td><span style=\"color: #000000;\">2:2<\/span><\/td>\n<td><span style=\"color: #000000;\">1:1<\/span><\/td>\n<td><span style=\"color: #000000;\">2:1<\/span><\/td>\n<td><span style=\"color: #000000;\">2:2\u00a0<\/span><\/td>\n<td><span style=\"color: #000000;\">2:2<\/span><\/td>\n<td><span style=\"color: #000000;\">28<\/span><\/td>\n<\/tr>\n<tr>\n<td><span style=\"color: #000000;\">5<\/span><\/td>\n<td><span style=\"color: #000000;\">Ardu Treinbuk<\/span><\/td>\n<td><span style=\"color: #000000;\">1:1<\/span><\/td>\n<td align=\"center\"><span style=\"color: #000000;\">*<\/span><\/td>\n<td><span style=\"color: #000000;\">1:1\u00a0<\/span><\/td>\n<td><span style=\"color: #000000;\">1:0\u00a0<\/span><\/td>\n<td><span style=\"color: #000000;\">1:1<\/span><\/td>\n<td><span style=\"color: #000000;\">1:1<\/span><\/td>\n<td><span style=\"color: #000000;\">1:1\u00a0<\/span><\/td>\n<td><span style=\"color: #000000;\">1:2<\/span><\/td>\n<td><span style=\"color: #000000;\">2:1\u00a0<\/span><\/td>\n<td><span style=\"color: #000000;\">2:2\u00a0<\/span><\/td>\n<td><span style=\"color: #000000;\">2:2<\/span><\/td>\n<td><span style=\"color: #000000;\">25<\/span><\/td>\n<\/tr>\n<tr>\n<td><span style=\"color: #000000;\">2<\/span><\/td>\n<td><span style=\"color: #000000;\">Urmas V\u00e4\u00e4rtn\u00f5u<\/span><\/td>\n<td><span style=\"color: #000000;\">1:1\u00a0<\/span><\/td>\n<td><span style=\"color: #000000;\">1:1\u00a0<\/span><\/td>\n<td align=\"center\"><span style=\"color: #000000;\">* <\/span><\/td>\n<td><span style=\"color: #000000;\">2:0<\/span><\/td>\n<td><span style=\"color: #000000;\">2:1\u00a0<\/span><\/td>\n<td><span style=\"color: #000000;\">1:1<\/span><\/td>\n<td><span style=\"color: #000000;\">2:2\u00a0<\/span><\/td>\n<td><span style=\"color: #000000;\">2:2<\/span><\/td>\n<td><span style=\"color: #000000;\">2:1\u00a0<\/span><\/td>\n<td><span style=\"color: #000000;\">2:2\u00a0<\/span><\/td>\n<td><span style=\"color: #000000;\">2:2\u00a0<\/span><\/td>\n<td><span style=\"color: #000000;\">30<\/span><\/td>\n<\/tr>\n<tr>\n<td><span style=\"color: #000000;\">1<\/span><\/td>\n<td><span style=\"color: #000000;\">Uno Plakk<\/span><\/td>\n<td><span style=\"color: #000000;\">1:1<\/span><\/td>\n<td><span style=\"color: #000000;\">2:1<\/span><\/td>\n<td><span style=\"color: #000000;\">2:0<\/span><\/td>\n<td align=\"center\"><span style=\"color: #000000;\">*<\/span><\/td>\n<td><span style=\"color: #000000;\">2:1<\/span><\/td>\n<td><span style=\"color: #000000;\">1:1<\/span><\/td>\n<td><span style=\"color: #000000;\">2:2<\/span><\/td>\n<td><span style=\"color: #000000;\">1:1\u00a0<\/span><\/td>\n<td><span style=\"color: #000000;\">2:2\u00a0<\/span><\/td>\n<td><span style=\"color: #000000;\">2:2\u00a0<\/span><\/td>\n<td><span style=\"color: #000000;\">2:2<\/span><\/td>\n<td><span style=\"color: #000000;\">30<\/span><\/td>\n<\/tr>\n<tr>\n<td><span style=\"color: #000000;\">6<\/span><\/td>\n<td><span style=\"color: #000000;\">Ants Talumaa<\/span><\/td>\n<td><span style=\"color: #000000;\">0:1<\/span><\/td>\n<td><span style=\"color: #000000;\">1:1<\/span><\/td>\n<td><span style=\"color: #000000;\">1:0\u00a0<\/span><\/td>\n<td><span style=\"color: #000000;\">1:0<\/span><\/td>\n<td align=\"center\"><span style=\"color: #000000;\">*<\/span><\/td>\n<td><span style=\"color: #000000;\">0:0\u00a0<\/span><\/td>\n<td><span style=\"color: #000000;\">1:1\u00a0<\/span><\/td>\n<td><span style=\"color: #000000;\">2:1<\/span><\/td>\n<td><span style=\"color: #000000;\">1:2\u00a0<\/span><\/td>\n<td><span style=\"color: #000000;\">2:1\u00a0<\/span><\/td>\n<td><span style=\"color: #000000;\">2:2<\/span><\/td>\n<td><span style=\"color: #000000;\">20<\/span><\/td>\n<\/tr>\n<tr>\n<td><span style=\"color: #000000;\">3<\/span><\/td>\n<td><span style=\"color: #000000;\">Urmas Poom<\/span><\/td>\n<td><span style=\"color: #000000;\">1:1<\/span><\/td>\n<td><span style=\"color: #000000;\">1:1<\/span><\/td>\n<td><span style=\"color: #000000;\">1:1<\/span><\/td>\n<td><span style=\"color: #000000;\">1:1<\/span><\/td>\n<td><span style=\"color: #000000;\">2:2\u00a0<\/span><\/td>\n<td align=\"center\"><span style=\"color: #000000;\">*<\/span><\/td>\n<td><span style=\"color: #000000;\">2:2<\/span><\/td>\n<td><span style=\"color: #000000;\">1:1<\/span><\/td>\n<td><span style=\"color: #000000;\">1:1<\/span><\/td>\n<td><span style=\"color: #000000;\">2:2<\/span><\/td>\n<td><span style=\"color: #000000;\">2:2<\/span><\/td>\n<td><span style=\"color: #000000;\">28<\/span><\/td>\n<\/tr>\n<tr>\n<td><span style=\"color: #000000;\">10<\/span><\/td>\n<td><span style=\"color: #000000;\">\u00c4rni Aia<\/span><\/td>\n<td><span style=\"color: #000000;\">0:0<\/span><\/td>\n<td><span style=\"color: #000000;\">1:1\u00a0<\/span><\/td>\n<td><span style=\"color: #000000;\">0:0\u00a0<\/span><\/td>\n<td><span style=\"color: #000000;\">0:0<\/span><\/td>\n<td><span style=\"color: #000000;\">1:1\u00a0<\/span><\/td>\n<td><span style=\"color: #000000;\">0:0<\/span><\/td>\n<td align=\"center\"><span style=\"color: #000000;\">*<\/span><\/td>\n<td><span style=\"color: #000000;\">1:0<\/span><\/td>\n<td><span style=\"color: #000000;\">0:0\u00a0<\/span><\/td>\n<td><span style=\"color: #000000;\">0:0<\/span><\/td>\n<td><span style=\"color: #000000;\">2:1\u00a0<\/span><\/td>\n<td><span style=\"color: #000000;\">8<\/span><\/td>\n<\/tr>\n<tr>\n<td><span style=\"color: #000000;\">7<\/span><\/td>\n<td><span style=\"color: #000000;\">Enno Luulik<\/span><\/td>\n<td><span style=\"color: #000000;\">1:1<\/span><\/td>\n<td><span style=\"color: #000000;\">0:1<\/span><\/td>\n<td><span style=\"color: #000000;\">0:0<\/span><\/td>\n<td><span style=\"color: #000000;\">1:1\u00a0<\/span><\/td>\n<td><span style=\"color: #000000;\">1:0<\/span><\/td>\n<td><span style=\"color: #000000;\">1:1<\/span><\/td>\n<td><span style=\"color: #000000;\">2:1<\/span><\/td>\n<td align=\"center\"><span style=\"color: #000000;\">*<\/span><\/td>\n<td><span style=\"color: #000000;\">1:1<\/span><\/td>\n<td><span style=\"color: #000000;\">1:1<\/span><\/td>\n<td><span style=\"color: #000000;\">2:2<\/span><\/td>\n<td><span style=\"color: #000000;\">17<\/span><\/td>\n<\/tr>\n<tr>\n<td><span style=\"color: #000000;\">8<\/span><\/td>\n<td><span style=\"color: #000000;\">Raivo Ilju\u0161kin<\/span><\/td>\n<td><span style=\"color: #000000;\">1:0<\/span><\/td>\n<td><span style=\"color: #000000;\">1:0\u00a0<\/span><\/td>\n<td><span style=\"color: #000000;\">1:0\u00a0<\/span><\/td>\n<td><span style=\"color: #000000;\">0:0\u00a0<\/span><\/td>\n<td><span style=\"color: #000000;\">0:1\u00a0<\/span><\/td>\n<td><span style=\"color: #000000;\">1:1<\/span><\/td>\n<td><span style=\"color: #000000;\">2:2\u00a0<\/span><\/td>\n<td><span style=\"color: #000000;\">1:1<\/span><\/td>\n<td align=\"center\"><span style=\"color: #000000;\">*<\/span><\/td>\n<td><span style=\"color: #000000;\">2:1<\/span><\/td>\n<td><span style=\"color: #000000;\">2:2\u00a0<\/span><\/td>\n<td><span style=\"color: #000000;\">19<\/span><\/td>\n<\/tr>\n<tr>\n<td><span style=\"color: #000000;\">9<\/span><\/td>\n<td><span style=\"color: #000000;\">Gennadi Lavrentjev<\/span><\/td>\n<td><span style=\"color: #000000;\">0:0\u00a0<\/span><\/td>\n<td><span style=\"color: #000000;\">0:0<\/span><\/td>\n<td><span style=\"color: #000000;\">0:0<\/span><\/td>\n<td><span style=\"color: #000000;\">0:0\u00a0<\/span><\/td>\n<td><span style=\"color: #000000;\">1:0\u00a0<\/span><\/td>\n<td><span style=\"color: #000000;\">0:0<\/span><\/td>\n<td><span style=\"color: #000000;\">2:2\u00a0<\/span><\/td>\n<td><span style=\"color: #000000;\">1:1<\/span><\/td>\n<td><span style=\"color: #000000;\">1:0<\/span><\/td>\n<td align=\"center\"><span style=\"color: #000000;\">*<\/span><\/td>\n<td><span style=\"color: #000000;\">2:2<\/span><\/td>\n<td><span style=\"color: #000000;\">12<\/span><\/td>\n<\/tr>\n<tr>\n<td><span style=\"color: #000000;\">11<\/span><\/td>\n<td><span style=\"color: #000000;\">Endel Karu<\/span><\/td>\n<td><span style=\"color: #000000;\">0:0<\/span><\/td>\n<td><span style=\"color: #000000;\">0:0<\/span><\/td>\n<td><span style=\"color: #000000;\">0:0\u00a0<\/span><\/td>\n<td><span style=\"color: #000000;\">0:0<\/span><\/td>\n<td><span style=\"color: #000000;\">\u00a00:0<\/span><\/td>\n<td><span style=\"color: #000000;\">0:0<\/span><\/td>\n<td><span style=\"color: #000000;\">0:1\u00a0<\/span><\/td>\n<td><span style=\"color: #000000;\">0:0<\/span><\/td>\n<td><span style=\"color: #000000;\">0:0\u00a0<\/span><\/td>\n<td><span style=\"color: #000000;\">0:0<\/span><\/td>\n<td align=\"center\"><span style=\"color: #000000;\">*<\/span><\/td>\n<td><span style=\"color: #000000;\">1<\/span><\/td>\n<\/tr>\n<\/tbody>\n<\/table>\n<p><span style=\"color: #000000;\">Turniirivanem: J\u00fcri L\u00e4tt<br \/>\nKohtunik: Villem L\u00fc\u00fcs<br \/>\n<\/span><\/p>\n","protected":false},"excerpt":{"rendered":"<p><span style=\"color: #000000;\">Koht<\/span><br \/>\n<span style=\"color: #000000;\">Nimi <\/span><br \/>\n<span style=\"color: #000000;\">JL<\/span><br \/>\n<span style=\"color: #000000;\">AT<\/span><br \/>\n<span style=\"color: #000000;\">UV<\/span><br \/>\n<span style=\"color: #000000;\">UP<\/span><br \/>\n<span style=\"color: #000000;\">AT<\/span><br \/>\n<span style=\"color: #000000;\">UP<\/span><br \/>\n<span style=\"color: #000000;\">\u00c4A<\/span><br \/>\n<span style=\"color: #000000;\">EL<\/span><br \/>\n<span style=\"color: #000000;\">RI<\/span><br \/>\n<span style=\"color: #000000;\">GL<\/span><br \/>\n<span style=\"color: #000000;\">EK<\/span><br \/>\n<span style=\"color: #000000;\">Punkte<\/span> <\/p>\n<p><span style=\"color: #000000;\">4<\/span><br \/>\n<span style=\"color: #000000;\">J\u00fcri L\u00e4tt<\/span><br \/>\n<span style=\"color: #000000;\">* <\/span><br \/>\n<span style=\"color: #000000;\">1:1<\/span><br \/>\n<span style=\"color: #000000;\">1:1\u00a0<\/span><br \/>\n<span style=\"color: #000000;\">1:1<\/span><br \/>\n<span style=\"color: #000000;\">1:2 <\/span><br \/>\n<span style=\"color: #000000;\">1:1<\/span><br \/>\n<span style=\"color: #000000;\">2:2<\/span><br \/>\n<span style=\"color: #000000;\">1:1<\/span><br \/>\n<span style=\"color: #000000;\">2:1<\/span><br \/>\n<span style=\"color: #000000;\">2:2\u00a0<\/span><br \/>\n<span style=\"color: #000000;\">2:2<\/span><br \/>\n<span style=\"color: #000000;\">28<\/span> <\/p>\n<p><span style=\"color: #000000;\">5<\/span> <div class=\"pgee-read-more\"><a href=\"https:\/\/www.jogevakabeklubi.ee\/?page_id=500\">J\u00e4tka lugemist<\/a><\/div><\/p>","protected":false},"author":1,"featured_media":0,"parent":0,"menu_order":0,"comment_status":"open","ping_status":"open","template":"","meta":{"ngg_post_thumbnail":0,"footnotes":""},"_links":{"self":[{"href":"https:\/\/www.jogevakabeklubi.ee\/index.php?rest_route=\/wp\/v2\/pages\/500"}],"collection":[{"href":"https:\/\/www.jogevakabeklubi.ee\/index.php?rest_route=\/wp\/v2\/pages"}],"about":[{"href":"https:\/\/www.jogevakabeklubi.ee\/index.php?rest_route=\/wp\/v2\/types\/page"}],"author":[{"embeddable":true,"href":"https:\/\/www.jogevakabeklubi.ee\/index.php?rest_route=\/wp\/v2\/users\/1"}],"replies":[{"embeddable":true,"href":"https:\/\/www.jogevakabeklubi.ee\/index.php?rest_route=%2Fwp%2Fv2%2Fcomments&post=500"}],"version-history":[{"count":50,"href":"https:\/\/www.jogevakabeklubi.ee\/index.php?rest_route=\/wp\/v2\/pages\/500\/revisions"}],"predecessor-version":[{"id":529,"href":"https:\/\/www.jogevakabeklubi.ee\/index.php?rest_route=\/wp\/v2\/pages\/500\/revisions\/529"}],"wp:attachment":[{"href":"https:\/\/www.jogevakabeklubi.ee\/index.php?rest_route=%2Fwp%2Fv2%2Fmedia&parent=500"}],"curies":[{"name":"wp","href":"https:\/\/api.w.org\/{rel}","templated":true}]}}