{"id":5,"date":"2012-01-05T21:11:20","date_gmt":"2012-01-05T19:11:20","guid":{"rendered":"http:\/\/www.jogevakabeklubi.ee\/?page_id=5"},"modified":"2013-01-05T22:34:12","modified_gmt":"2013-01-05T20:34:12","slug":"tulemused-4","status":"publish","type":"page","link":"https:\/\/www.jogevakabeklubi.ee\/?page_id=5","title":{"rendered":"2010"},"content":{"rendered":"<div>\n<p><span style=\"color: #000000;\"><span style=\"color: #008000;\"><span style=\"color: #339966;\"><span style=\"color: #008000;\"><span style=\"color: #1e8f1e;\"><span style=\"color: #008000;\"><span style=\"color: #000000;\"><a href=\"http:\/\/www.jogevakabeklubi.ee\/wp-content\/uploads\/2011\/01\/Klubi-seeriav\u00f5istlus-2010-\u00fcldarvestus.pdf\" target=\"_self\"><span style=\"color: #339966;\">Klubi seeriav\u00f5istlus 2010 &#8211; \u00fcldarvestus<\/span><\/a><\/span><\/span><\/span><\/span><\/span><span style=\"color: #008000;\"> <\/span><br \/>\n<\/span><a href=\"http:\/\/www.jogevakabeklubi.ee\/wp-content\/uploads\/2010\/01\/Klubi-seeriav\u00f5istlus-2010-I-etapp.pdf\" target=\"_self\">Klubi seeriav\u00f5istlus &#8211; I etapp<\/a><\/span><br \/>\n<a href=\"http:\/\/www.jogevakabeklubi.ee\/wp-content\/uploads\/2010\/04\/Klubi-seeriav\u00f5istlus-2010-II-etapp.pdf\" target=\"_self\">Klubi seeriav\u00f5istlus &#8211; II etapp<\/a><br \/>\n<span style=\"color: #000000;\"><a href=\"http:\/\/www.jogevakabeklubi.ee\/wp-content\/uploads\/2010\/04\/Klubi-seeriav\u00f5istlus-2010-III-etapp.pdf\" target=\"_self\">Klubi seeriav\u00f5istlus &#8211; III etapp<\/a><br \/>\n<\/span><a href=\"http:\/\/www.jogevakabeklubi.ee\/wp-content\/uploads\/2010\/04\/Klubi-seeriav\u00f5istlus-2010-IV-etapp.pdf\" target=\"_self\">Klubi seeriav\u00f5istlus &#8211; IV etapp<\/a><br \/>\n<span style=\"color: #000000;\"><a href=\"http:\/\/www.jogevakabeklubi.ee\/wp-content\/uploads\/2010\/05\/Klubi-seeriav\u00f5istlus-2010-V-etapp.pdf\" target=\"_self\">Klubi seeriav\u00f5istlus &#8211; V etapp\/J\u00f5gevamaa MV bras.<\/a><br \/>\n<a href=\"http:\/\/www.jogevakabeklubi.ee\/wp-content\/uploads\/2010\/06\/Klubi-seeriav\u00f5istlus-2010-VI-etapp.pdf\" target=\"_self\">Klubi seeriav\u00f5istlus &#8211; VI etapp<\/a><br \/>\n<a href=\"http:\/\/www.jogevakabeklubi.ee\/wp-content\/uploads\/2010\/07\/Klubi-seeriav\u00f5istlus-2010-VII-etapp.pdf\" target=\"_self\">Klubi seeriav\u00f5istlus &#8211; VII etapp<\/a><br \/>\n<a href=\"http:\/\/www.jogevakabeklubi.ee\/wp-content\/uploads\/2010\/08\/Klubi-seeriav\u00f5istlus-2010-VIII-etapp.pdf\">Klubi seeriav\u00f5istlus &#8211; VIII etapp<\/a> <\/span><span style=\"color: #000000;\"><br \/>\n<a href=\"http:\/\/www.jogevakabeklubi.ee\/wp-content\/uploads\/2010\/09\/Klubi-seeriav\u00f5istlus-2010-IX-etapp.pdf\" target=\"_self\">Klubi seeriav\u00f5istlus &#8211; IX etapp<\/a><br \/>\n<a href=\"http:\/\/www.jogevakabeklubi.ee\/wp-content\/uploads\/2010\/10\/Klubi-seeriav\u00f5istlus-2010-X-etapp.pdf\" target=\"_self\">Klubi seeriav\u00f5istlus &#8211; X etapp <\/a><\/span><span style=\"color: #000000;\"><br \/>\n<a href=\"http:\/\/www.jogevakabeklubi.ee\/wp-content\/uploads\/2010\/11\/Klubi-seeriav\u00f5istlus-2010-XI-etapp.pdf\" target=\"_self\">Klubi seeriav\u00f5istlus &#8211; XI etapp<\/a>\u00a0<br \/>\n<a href=\"http:\/\/www.jogevakabeklubi.ee\/turniirid\/Seeria2010_12\" target=\"_self\">Klubi seeriav\u00f5istlus &#8211; XII etapp<\/a><\/span><span style=\"color: #000000;\"><br \/>\n<a href=\"http:\/\/www.jogevakabeklubi.ee\/wp-content\/uploads\/2010\/11\/Orthezi-6.-kabeturniir.pdf\" target=\"_self\">Orthez\u00b4i 6. auhinnaturniir<\/a><br \/>\nJ\u00d5GEVA 2010 ( <a href=\"http:\/\/www.jogevakabeklubi.ee\/wp-content\/uploads\/2010\/08\/J\u00f5geva-2010.pdf\" target=\"_self\">p\u00f5hiturniir<\/a>, <a href=\"http:\/\/www.jogevakabeklubi.ee\/wp-content\/uploads\/2010\/08\/J\u00d5GEVA-2010-V\u00e4lkturniir.pdf\" target=\"_self\">v\u00e4lkturniir <\/a>)<br \/>\n<a href=\"http:\/\/www.jogevakabeklubi.ee\/wp-content\/uploads\/2010\/12\/Pauli-p\u00e4evade-v\u00e4lkturniir-males.pdf\" target=\"_self\">Pauli p\u00e4evade v\u00e4lkturniir males <\/a><br \/>\n<a href=\"http:\/\/www.jogevakabeklubi.ee\/wp-content\/uploads\/2010\/12\/Pauli-p\u00e4evade-kiirturniir-males.pdf\" target=\"_self\">Pauli p\u00e4evade kiirturniir males (18.12.)<\/a><\/span><span style=\"color: #000000;\"><br \/>\n<a href=\"http:\/\/www.jogevakabeklubi.ee\/wp-content\/uploads\/2010\/12\/Pauli-p\u00e4evade-male-kiirturniir.pdf\" target=\"_self\">Pauli p\u00e4evade kiirturniir males (19.12.)<br \/>\n<\/a>Eesti MV 64-r. ( <a href=\"http:\/\/www.jogevakabeklubi.ee\/wp-content\/uploads\/2010\/05\/EMV-64r-mehed.pdf\" target=\"_self\">mehed<\/a>, <a href=\"http:\/\/www.jogevakabeklubi.ee\/wp-content\/uploads\/2010\/04\/EMV-64-r.-naised.pdf\" target=\"_self\">naised<\/a> )<br \/>\n<\/span><span style=\"color: #000000;\"><a href=\"http:\/\/www.jogevakabeklubi.ee\/wp-content\/uploads\/2010\/05\/ESVL-MV-64r.pdf\" target=\"_self\">ESVL individuaal-v\u00f5istkondlikud MV 64-r.<\/a><\/span><br \/>\n<a href=\"http:\/\/www.jogevakabeklubi.ee\/wp-content\/uploads\/2010\/02\/J\u00f5gevamaa-veteranide-MV-64r-2010.pdf\" target=\"_self\">J\u00f5gevamaa veteranide MV 64-r.<\/a><br \/>\n<a href=\"http:\/\/www.jogevakabeklubi.ee\/wp-content\/uploads\/2010\/03\/J\u00f5gevamaa-MV-64r-2010.pdf\" target=\"_self\">J\u00f5gevamaa MV 64-r.<\/a><br \/>\n<a href=\"http:\/\/www.jogevakabeklubi.ee\/wp-content\/uploads\/2010\/04\/J\u00f5gevamaa-MV-100r.pdf\" target=\"_self\">J\u00f5gevamaa MV 100-r.<\/a><br \/>\n<span style=\"color: #000000;\"><a href=\"http:\/\/www.jogevakabeklubi.ee\/wp-content\/uploads\/2010\/05\/J\u00f5gevamaa-noorte-MV-64r.pdf\" target=\"_self\">J\u00f5gevamaa noorte MV 64-r.<\/a><br \/>\n<a href=\"http:\/\/www.jogevakabeklubi.ee\/wp-content\/uploads\/2010\/06\/J\u00f5geva-Pargikabe-2010.pdf\" target=\"_self\">J\u00f5geva Pargikabe 2010<\/a><br \/>\n<\/span><span style=\"color: #000000;\"><a href=\"http:\/\/www.jogevakabeklubi.ee\/wp-content\/uploads\/2010\/03\/J\u00f5geva-linna-ja-valla-MV.pdf\" target=\"_self\">J\u00f5geva linna ja valla MV <\/a><\/span><span style=\"color: #000000;\"><br \/>\nJ\u00f5geva M\u00dc 35. kabeturniir &#8211; <a href=\"http:\/\/www.jogevakabeklubi.ee\/wp-content\/uploads\/2010\/11\/J\u00f5geva-M\u00dc-35.-kabeturniir.pdf\" target=\"_self\">t\u00e4iskasvanud<\/a>, <a href=\"http:\/\/www.jogevakabeklubi.ee\/wp-content\/uploads\/2010\/11\/J\u00f5geva-M\u00dc-35.-kabeturniir-noored.pdf\" target=\"_self\">noored<\/a><br \/>\n<a href=\"http:\/\/www.jogevakabeklubi.ee\/wp-content\/uploads\/2010\/03\/Laiuse-28.-kabeturniir.pdf\" target=\"_self\">Laiuse 28. kabeturniir <\/a><br \/>\n<a href=\"http:\/\/www.jogevakabeklubi.ee\/wp-content\/uploads\/2010\/04\/Vara-turniir-03.04.2010.pdf\" target=\"_self\">Vara turniir<\/a><\/span><a href=\"http:\/\/www.jogevakabeklubi.ee\/wp-content\/uploads\/2010\/03\/J\u00f5geva-linna-ja-valla-MV.pdf\" target=\"_self\"><br \/>\n<\/a><a href=\"http:\/\/www.jogevakabeklubi.ee\/wp-content\/uploads\/2010\/01\/Linnade-XII-talim\u00e4ngud.pdf\" target=\"_self\">Linnade XII talim\u00e4ngud<\/a><br \/>\n<a href=\"http:\/\/www.jogevakabeklubi.ee\/wp-content\/uploads\/2010\/03\/Kurista-40.-uusaastaturniir.pdf\" target=\"_self\">Kurista 40. uusaastaturniir<\/a><br \/>\n<span style=\"color: #000000;\"><a href=\"http:\/\/www.jogevakabeklubi.ee\/wp-content\/uploads\/2010\/05\/Lauam\u00e4ngude-mitmev\u00f5istlus.pdf\" target=\"_self\">Lahtised v\u00f5istlused lauam\u00e4ngude mitmev\u00f5istluses<\/a><\/span><\/p>\n<\/div>\n","protected":false},"excerpt":{"rendered":"<div>\n<p><span style=\"color: #000000;\"><span style=\"color: #008000;\"><span style=\"color: #339966;\"><span style=\"color: #008000;\"><span style=\"color: #1e8f1e;\"><span style=\"color: #008000;\"><span style=\"color: #000000;\"><a href=\"http:\/\/www.jogevakabeklubi.ee\/wp-content\/uploads\/2011\/01\/Klubi-seeriav\u00f5istlus-2010-\u00fcldarvestus.pdf\" target=\"_self\"><span style=\"color: #339966;\">Klubi seeriav\u00f5istlus 2010 &#8211; \u00fcldarvestus<\/span><\/a><\/span><\/span><\/span><\/span><\/span><span style=\"color: #008000;\"> <\/span><br \/>\n<\/span><a href=\"http:\/\/www.jogevakabeklubi.ee\/wp-content\/uploads\/2010\/01\/Klubi-seeriav\u00f5istlus-2010-I-etapp.pdf\" target=\"_self\">Klubi seeriav\u00f5istlus &#8211; I etapp<\/a><\/span><br \/>\n<a href=\"http:\/\/www.jogevakabeklubi.ee\/wp-content\/uploads\/2010\/04\/Klubi-seeriav\u00f5istlus-2010-II-etapp.pdf\" target=\"_self\">Klubi seeriav\u00f5istlus &#8211; II etapp<\/a><br \/>\n<span style=\"color: #000000;\"><a href=\"http:\/\/www.jogevakabeklubi.ee\/wp-content\/uploads\/2010\/04\/Klubi-seeriav\u00f5istlus-2010-III-etapp.pdf\" target=\"_self\">Klubi seeriav\u00f5istlus &#8211; III etapp<\/a><br \/>\n<\/span><a href=\"http:\/\/www.jogevakabeklubi.ee\/wp-content\/uploads\/2010\/04\/Klubi-seeriav\u00f5istlus-2010-IV-etapp.pdf\" target=\"_self\">Klubi seeriav\u00f5istlus &#8211; IV etapp<\/a><br \/>\n<span style=\"color: #000000;\"><a href=\"http:\/\/www.jogevakabeklubi.ee\/wp-content\/uploads\/2010\/05\/Klubi-seeriav\u00f5istlus-2010-V-etapp.pdf\" target=\"_self\">Klubi seeriav\u00f5istlus &#8211; V etapp\/J\u00f5gevamaa MV bras.<\/a><br \/>\n<a href=\"http:\/\/www.jogevakabeklubi.ee\/wp-content\/uploads\/2010\/06\/Klubi-seeriav\u00f5istlus-2010-VI-etapp.pdf\" target=\"_self\">Klubi seeriav\u00f5istlus &#8211; VI etapp<\/a><br \/>\n<a href=\"http:\/\/www.jogevakabeklubi.ee\/wp-content\/uploads\/2010\/07\/Klubi-seeriav\u00f5istlus-2010-VII-etapp.pdf\" target=\"_self\">Klubi seeriav\u00f5istlus &#8211; VII etapp<\/a><br \/>\n<a href=\"http:\/\/www.jogevakabeklubi.ee\/wp-content\/uploads\/2010\/08\/Klubi-seeriav\u00f5istlus-2010-VIII-etapp.pdf\">Klubi seeriav\u00f5istlus &#8211; VIII etapp<\/a> <\/span><span style=\"color: #000000;\"><br \/>\n<a href=\"http:\/\/www.jogevakabeklubi.ee\/wp-content\/uploads\/2010\/09\/Klubi-seeriav\u00f5istlus-2010-IX-etapp.pdf\" target=\"_self\">Klubi seeriav\u00f5istlus &#8211; IX etapp<\/a><\/span><\/div> <div class=\"pgee-read-more\"><a href=\"https:\/\/www.jogevakabeklubi.ee\/?page_id=5\">J\u00e4tka lugemist<\/a><\/div>","protected":false},"author":1,"featured_media":0,"parent":0,"menu_order":3,"comment_status":"open","ping_status":"open","template":"","meta":{"ngg_post_thumbnail":0,"footnotes":""},"_links":{"self":[{"href":"https:\/\/www.jogevakabeklubi.ee\/index.php?rest_route=\/wp\/v2\/pages\/5"}],"collection":[{"href":"https:\/\/www.jogevakabeklubi.ee\/index.php?rest_route=\/wp\/v2\/pages"}],"about":[{"href":"https:\/\/www.jogevakabeklubi.ee\/index.php?rest_route=\/wp\/v2\/types\/page"}],"author":[{"embeddable":true,"href":"https:\/\/www.jogevakabeklubi.ee\/index.php?rest_route=\/wp\/v2\/users\/1"}],"replies":[{"embeddable":true,"href":"https:\/\/www.jogevakabeklubi.ee\/index.php?rest_route=%2Fwp%2Fv2%2Fcomments&post=5"}],"version-history":[{"count":157,"href":"https:\/\/www.jogevakabeklubi.ee\/index.php?rest_route=\/wp\/v2\/pages\/5\/revisions"}],"predecessor-version":[{"id":2347,"href":"https:\/\/www.jogevakabeklubi.ee\/index.php?rest_route=\/wp\/v2\/pages\/5\/revisions\/2347"}],"wp:attachment":[{"href":"https:\/\/www.jogevakabeklubi.ee\/index.php?rest_route=%2Fwp%2Fv2%2Fmedia&parent=5"}],"curies":[{"name":"wp","href":"https:\/\/api.w.org\/{rel}","templated":true}]}}