{"id":1930,"date":"2012-02-15T10:53:12","date_gmt":"2012-02-15T08:53:12","guid":{"rendered":"http:\/\/www.jogevakabeklubi.ee\/?page_id=1930"},"modified":"2012-07-17T22:37:32","modified_gmt":"2012-07-17T19:37:32","slug":"eesti-44-kirikabe-mv-64-r","status":"publish","type":"page","link":"https:\/\/www.jogevakabeklubi.ee\/?page_id=1930","title":{"rendered":"Eesti 44. kirikabe MV (64-r.)"},"content":{"rendered":"<table border=\"0\">\n<tbody>\n<tr>\n<td><span style=\"color: #000000;\">Koht<\/span><\/td>\n<td><span style=\"color: #000000;\">Nimi<\/span><\/td>\n<td><span style=\"color: #000000;\">JL<\/span><\/td>\n<td><span style=\"color: #000000;\">UV<\/span><\/td>\n<td><span style=\"color: #000000;\">UP<\/span><\/td>\n<td><span style=\"color: #000000;\">AT<\/span><\/td>\n<td><span style=\"color: #000000;\">AT<\/span><\/td>\n<td><span style=\"color: #000000;\">UP<\/span><\/td>\n<td><span style=\"color: #000000;\">AV<\/span><\/td>\n<td><span style=\"color: #000000;\">RI<\/span><\/td>\n<td><span style=\"color: #000000;\">EL<\/span><\/td>\n<td><span style=\"color: #000000;\">HP<\/span><\/td>\n<td><span style=\"color: #000000;\">GL<\/span><\/td>\n<td><span style=\"color: #000000;\">Punkte<\/span><\/td>\n<\/tr>\n<tr>\n<td><span style=\"color: #000000;\">5.<\/span><\/td>\n<td><span style=\"color: #000000;\">J\u00fcri L\u00e4tt<\/span><\/td>\n<td><span style=\"color: #000000;\">\u00a0 *<\/span><\/td>\n<td><span style=\"color: #000000;\">1:1\u00a0<\/span><\/td>\n<td><span style=\"color: #000000;\">1:1\u00a0<\/span><\/td>\n<td><span style=\"color: #000000;\">1:1\u00a0<\/span><\/td>\n<td><span style=\"color: #000000;\">1:1\u00a0<\/span><\/td>\n<td><span style=\"color: #000000;\">1:1\u00a0<\/span><\/td>\n<td><span style=\"color: #000000;\">1:1<\/span><\/td>\n<td><span style=\"color: #000000;\">2:1\u00a0<\/span><\/td>\n<td><span style=\"color: #000000;\">2:2\u00a0<\/span><\/td>\n<td><span style=\"color: #000000;\">1:1\u00a0<\/span><\/td>\n<td><span style=\"color: #000000;\">2:0\u00a0<\/span><\/td>\n<td><span style=\"color: #000000;\">23\u00a0<\/span><\/td>\n<\/tr>\n<tr>\n<td><span style=\"color: #000000;\">III<\/span><\/td>\n<td><span style=\"color: #000000;\">Urmas V\u00e4\u00e4rtn\u00f5u<\/span><\/td>\n<td><span style=\"color: #000000;\">1:1\u00a0<\/span><\/td>\n<td><span style=\"color: #000000;\">\u00a0 *<\/span><\/td>\n<td><span style=\"color: #000000;\">1:2\u00a0<\/span><\/td>\n<td><span style=\"color: #000000;\">2:1\u00a0<\/span><\/td>\n<td><span style=\"color: #000000;\">1:1\u00a0<\/span><\/td>\n<td><span style=\"color: #000000;\">1:1\u00a0<\/span><\/td>\n<td><span style=\"color: #000000;\">1:1<\/span><\/td>\n<td><span style=\"color: #000000;\">2:2\u00a0<\/span><\/td>\n<td><span style=\"color: #000000;\">1:2\u00a0<\/span><\/td>\n<td><span style=\"color: #000000;\">1:0\u00a0<\/span><\/td>\n<td><span style=\"color: #000000;\">2:1<\/span><\/td>\n<td><span style=\"color: #000000;\">25\u00a0<\/span><\/td>\n<\/tr>\n<tr>\n<td><span style=\"color: #000000;\">6.<\/span><\/td>\n<td><span style=\"color: #000000;\">Uno Plakk<\/span><\/td>\n<td><span style=\"color: #000000;\">1:1\u00a0<\/span><\/td>\n<td><span style=\"color: #000000;\">0:1\u00a0<\/span><\/td>\n<td><span style=\"color: #000000;\">\u00a0 *<\/span><\/td>\n<td><span style=\"color: #000000;\">1:1\u00a0<\/span><\/td>\n<td><span style=\"color: #000000;\">1:1\u00a0<\/span><\/td>\n<td><span style=\"color: #000000;\">1:1\u00a0<\/span><\/td>\n<td><span style=\"color: #000000;\">1:1<\/span><\/td>\n<td><span style=\"color: #000000;\">1:2\u00a0<\/span><\/td>\n<td><span style=\"color: #000000;\">2:2\u00a0<\/span><\/td>\n<td><span style=\"color: #000000;\">1:1\u00a0<\/span><\/td>\n<td><span style=\"color: #000000;\">1:2\u00a0<\/span><\/td>\n<td><span style=\"color: #000000;\">23\u00a0<\/span><\/td>\n<\/tr>\n<tr>\n<td><span style=\"color: #000000;\">7.<\/span><\/td>\n<td><span style=\"color: #000000;\">Ardu Treinbuk<\/span><\/td>\n<td><span style=\"color: #000000;\">1:1\u00a0<\/span><\/td>\n<td><span style=\"color: #000000;\">1:0\u00a0<\/span><\/td>\n<td><span style=\"color: #000000;\">1:1\u00a0<\/span><\/td>\n<td><span style=\"color: #000000;\">\u00a0 *\u00a0<\/span><\/td>\n<td><span style=\"color: #000000;\">1:1\u00a0<\/span><\/td>\n<td><span style=\"color: #000000;\">1:1\u00a0<\/span><\/td>\n<td><span style=\"color: #000000;\">1:1<\/span><\/td>\n<td><span style=\"color: #000000;\">2:1\u00a0<\/span><\/td>\n<td><span style=\"color: #000000;\">1:1\u00a0<\/span><\/td>\n<td><span style=\"color: #000000;\">1:1\u00a0<\/span><\/td>\n<td><span style=\"color: #000000;\">2:2<\/span><\/td>\n<td><span style=\"color: #000000;\">22<\/span><\/td>\n<\/tr>\n<tr>\n<td><span style=\"color: #000000;\">8.<\/span><\/td>\n<td><span style=\"color: #000000;\">Ants Talumaa<\/span><\/td>\n<td><span style=\"color: #000000;\">1:1\u00a0<\/span><\/td>\n<td><span style=\"color: #000000;\">1:1\u00a0<\/span><\/td>\n<td><span style=\"color: #000000;\">1:1\u00a0<\/span><\/td>\n<td><span style=\"color: #000000;\">1:1\u00a0<\/span><\/td>\n<td><span style=\"color: #000000;\">\u00a0 *\u00a0<\/span><\/td>\n<td><span style=\"color: #000000;\">2:1\u00a0<\/span><\/td>\n<td><span style=\"color: #000000;\">1:1<\/span><\/td>\n<td><span style=\"color: #000000;\">1:1\u00a0<\/span><\/td>\n<td><span style=\"color: #000000;\">1:1\u00a0<\/span><\/td>\n<td><span style=\"color: #000000;\">0:0\u00a0<\/span><\/td>\n<td><span style=\"color: #000000;\">2:2\u00a0<\/span><\/td>\n<td><span style=\"color: #000000;\">21\u00a0<\/span><\/td>\n<\/tr>\n<tr>\n<td><span style=\"color: #000000;\">4.<\/span><\/td>\n<td><span style=\"color: #000000;\">Urmas Poom<\/span><\/td>\n<td><span style=\"color: #000000;\">1:1\u00a0<\/span><\/td>\n<td><span style=\"color: #000000;\">1:1\u00a0<\/span><\/td>\n<td><span style=\"color: #000000;\">1:1\u00a0<\/span><\/td>\n<td><span style=\"color: #000000;\">1:1\u00a0<\/span><\/td>\n<td><span style=\"color: #000000;\">1:0\u00a0<\/span><\/td>\n<td><span style=\"color: #000000;\">\u00a0 *\u00a0<\/span><\/td>\n<td><span style=\"color: #000000;\">1:1<\/span><\/td>\n<td><span style=\"color: #000000;\">2:2<\/span><\/td>\n<td><span style=\"color: #000000;\">2:1\u00a0<\/span><\/td>\n<td><span style=\"color: #000000;\">1:1\u00a0<\/span><\/td>\n<td><span style=\"color: #000000;\">2:2\u00a0<\/span><\/td>\n<td><span style=\"color: #000000;\">24\u00a0<\/span><\/td>\n<\/tr>\n<tr>\n<td><span style=\"color: #000000;\">II<\/span><\/td>\n<td><span style=\"color: #000000;\">Ago Voorem\u00e4e<\/span><\/td>\n<td><span style=\"color: #000000;\">1:1\u00a0<\/span><\/td>\n<td><span style=\"color: #000000;\">1:1\u00a0<\/span><\/td>\n<td><span style=\"color: #000000;\">1:1\u00a0<\/span><\/td>\n<td><span style=\"color: #000000;\">1:1\u00a0<\/span><\/td>\n<td><span style=\"color: #000000;\">1:1\u00a0<\/span><\/td>\n<td><span style=\"color: #000000;\">1:1\u00a0<\/span><\/td>\n<td><span style=\"color: #000000;\">\u00a0 *\u00a0<\/span><\/td>\n<td><span style=\"color: #000000;\">2:2\u00a0<\/span><\/td>\n<td><span style=\"color: #000000;\">2:2\u00a0<\/span><\/td>\n<td><span style=\"color: #000000;\">1:1\u00a0<\/span><\/td>\n<td><span style=\"color: #000000;\">2:2\u00a0<\/span><\/td>\n<td><span style=\"color: #000000;\">26\u00a0<\/span><\/td>\n<\/tr>\n<tr>\n<td><span style=\"color: #000000;\">10.<\/span><\/td>\n<td><span style=\"color: #000000;\">Raivo Ilju\u0161kin<\/span><\/td>\n<td><span style=\"color: #000000;\">1:0\u00a0<\/span><\/td>\n<td><span style=\"color: #000000;\">0:0\u00a0<\/span><\/td>\n<td><span style=\"color: #000000;\">0:1\u00a0<\/span><\/td>\n<td><span style=\"color: #000000;\">1:0\u00a0<\/span><\/td>\n<td><span style=\"color: #000000;\">1:1\u00a0<\/span><\/td>\n<td><span style=\"color: #000000;\">0:0\u00a0<\/span><\/td>\n<td><span style=\"color: #000000;\">0:0\u00a0<\/span><\/td>\n<td><span style=\"color: #000000;\">\u00a0 *\u00a0<\/span><\/td>\n<td><span style=\"color: #000000;\">1:1\u00a0<\/span><\/td>\n<td><span style=\"color: #000000;\">0:0\u00a0<\/span><\/td>\n<td><span style=\"color: #000000;\">1:2\u00a0<\/span><\/td>\n<td><span style=\"color: #000000;\">10\u00a0<\/span><\/td>\n<\/tr>\n<tr>\n<td><span style=\"color: #000000;\">9.<\/span><\/td>\n<td><span style=\"color: #000000;\">Enno Luulik<\/span><\/td>\n<td><span style=\"color: #000000;\">0:0\u00a0<\/span><\/td>\n<td><span style=\"color: #000000;\">0:1\u00a0<\/span><\/td>\n<td><span style=\"color: #000000;\">0:0\u00a0<\/span><\/td>\n<td><span style=\"color: #000000;\">1:1\u00a0<\/span><\/td>\n<td><span style=\"color: #000000;\">1:1\u00a0<\/span><\/td>\n<td><span style=\"color: #000000;\">1:0\u00a0<\/span><\/td>\n<td><span style=\"color: #000000;\">0:0\u00a0<\/span><\/td>\n<td><span style=\"color: #000000;\">1:1\u00a0<\/span><\/td>\n<td><span style=\"color: #000000;\">\u00a0 *\u00a0<\/span><\/td>\n<td><span style=\"color: #000000;\">0:0\u00a0<\/span><\/td>\n<td><span style=\"color: #000000;\">1:2\u00a0<\/span><\/td>\n<td><span style=\"color: #000000;\">11\u00a0<\/span><\/td>\n<\/tr>\n<tr>\n<td><span style=\"color: #000000;\">I<\/span><\/td>\n<td><span style=\"color: #000000;\">Hans Pukk<\/span><\/td>\n<td><span style=\"color: #000000;\">1:1\u00a0<\/span><\/td>\n<td><span style=\"color: #000000;\">2:1\u00a0<\/span><\/td>\n<td><span style=\"color: #000000;\">1:1\u00a0<\/span><\/td>\n<td><span style=\"color: #000000;\">1:1\u00a0<\/span><\/td>\n<td><span style=\"color: #000000;\">2:2\u00a0<\/span><\/td>\n<td><span style=\"color: #000000;\">1:1\u00a0<\/span><\/td>\n<td><span style=\"color: #000000;\">1:1\u00a0<\/span><\/td>\n<td><span style=\"color: #000000;\">2:2<\/span><\/td>\n<td><span style=\"color: #000000;\">2:2\u00a0<\/span><\/td>\n<td><span style=\"color: #000000;\">\u00a0 *\u00a0<\/span><\/td>\n<td><span style=\"color: #000000;\">2:2\u00a0<\/span><\/td>\n<td><span style=\"color: #000000;\">29\u00a0<\/span><\/td>\n<\/tr>\n<tr>\n<td><span style=\"color: #000000;\">11.<\/span><\/td>\n<td><span style=\"color: #000000;\">Gennadi Lavrentjev<\/span><\/td>\n<td><span style=\"color: #000000;\">0:2\u00a0<\/span><\/td>\n<td><span style=\"color: #000000;\">1:0\u00a0<\/span><\/td>\n<td><span style=\"color: #000000;\">0:1<\/span><\/td>\n<td><span style=\"color: #000000;\">0:0\u00a0<\/span><\/td>\n<td><span style=\"color: #000000;\">0:0\u00a0<\/span><\/td>\n<td><span style=\"color: #000000;\">0:0\u00a0<\/span><\/td>\n<td><span style=\"color: #000000;\">0:0\u00a0<\/span><\/td>\n<td><span style=\"color: #000000;\">0:1\u00a0<\/span><\/td>\n<td><span style=\"color: #000000;\">0:1\u00a0<\/span><\/td>\n<td><span style=\"color: #000000;\">0:0\u00a0<\/span><\/td>\n<td><span style=\"color: #000000;\">\u00a0 *\u00a0\u00a0<\/span><\/td>\n<td><span style=\"color: #000000;\">6\u00a0<\/span><\/td>\n<\/tr>\n<\/tbody>\n<\/table>\n<p><\/p>\n","protected":false},"excerpt":{"rendered":"<p><span style=\"color: #000000;\">Koht<\/span><br \/>\n<span style=\"color: #000000;\">Nimi<\/span><br \/>\n<span style=\"color: #000000;\">JL<\/span><br \/>\n<span style=\"color: #000000;\">UV<\/span><br \/>\n<span style=\"color: #000000;\">UP<\/span><br \/>\n<span style=\"color: #000000;\">AT<\/span><br \/>\n<span style=\"color: #000000;\">AT<\/span><br \/>\n<span style=\"color: #000000;\">UP<\/span><br \/>\n<span style=\"color: #000000;\">AV<\/span><br \/>\n<span style=\"color: #000000;\">RI<\/span><br \/>\n<span style=\"color: #000000;\">EL<\/span><br \/>\n<span style=\"color: #000000;\">HP<\/span><br \/>\n<span style=\"color: #000000;\">GL<\/span><br \/>\n<span style=\"color: #000000;\">Punkte<\/span> <\/p>\n<p><span style=\"color: #000000;\">5.<\/span><br \/>\n<span style=\"color: #000000;\">J\u00fcri L\u00e4tt<\/span><br \/>\n<span style=\"color: #000000;\">\u00a0 *<\/span><br \/>\n<span style=\"color: #000000;\">1:1\u00a0<\/span><br \/>\n<span style=\"color: #000000;\">1:1\u00a0<\/span><br \/>\n<span style=\"color: #000000;\">1:1\u00a0<\/span><br \/>\n<span style=\"color: #000000;\">1:1\u00a0<\/span><br \/>\n<span style=\"color: #000000;\">1:1\u00a0<\/span><br \/>\n<span style=\"color: #000000;\">1:1<\/span><br \/>\n<span style=\"color: #000000;\">2:1\u00a0<\/span><br \/>\n<span style=\"color: #000000;\">2:2\u00a0<\/span><br \/>\n<span style=\"color: #000000;\">1:1\u00a0<\/span><br \/>\n<span style=\"color: #000000;\">2:0\u00a0<\/span><br \/>\n<span style=\"color: #000000;\">23\u00a0<\/span> <\/p>\n<p><span style=\"color: #000000;\">III<\/span><br \/>\n<span style=\"color: #000000;\">Urmas V\u00e4\u00e4rtn\u00f5u<\/span> <div class=\"pgee-read-more\"><a href=\"https:\/\/www.jogevakabeklubi.ee\/?page_id=1930\">J\u00e4tka lugemist<\/a><\/div><\/p>","protected":false},"author":1,"featured_media":0,"parent":0,"menu_order":0,"comment_status":"open","ping_status":"open","template":"","meta":{"ngg_post_thumbnail":0,"footnotes":""},"_links":{"self":[{"href":"https:\/\/www.jogevakabeklubi.ee\/index.php?rest_route=\/wp\/v2\/pages\/1930"}],"collection":[{"href":"https:\/\/www.jogevakabeklubi.ee\/index.php?rest_route=\/wp\/v2\/pages"}],"about":[{"href":"https:\/\/www.jogevakabeklubi.ee\/index.php?rest_route=\/wp\/v2\/types\/page"}],"author":[{"embeddable":true,"href":"https:\/\/www.jogevakabeklubi.ee\/index.php?rest_route=\/wp\/v2\/users\/1"}],"replies":[{"embeddable":true,"href":"https:\/\/www.jogevakabeklubi.ee\/index.php?rest_route=%2Fwp%2Fv2%2Fcomments&post=1930"}],"version-history":[{"count":20,"href":"https:\/\/www.jogevakabeklubi.ee\/index.php?rest_route=\/wp\/v2\/pages\/1930\/revisions"}],"predecessor-version":[{"id":1949,"href":"https:\/\/www.jogevakabeklubi.ee\/index.php?rest_route=\/wp\/v2\/pages\/1930\/revisions\/1949"}],"wp:attachment":[{"href":"https:\/\/www.jogevakabeklubi.ee\/index.php?rest_route=%2Fwp%2Fv2%2Fmedia&parent=1930"}],"curies":[{"name":"wp","href":"https:\/\/api.w.org\/{rel}","templated":true}]}}