{"id":10732,"date":"2025-12-23T22:11:12","date_gmt":"2025-12-23T20:11:12","guid":{"rendered":"https:\/\/www.jogevakabeklubi.ee\/?page_id=10732"},"modified":"2026-04-06T22:19:47","modified_gmt":"2026-04-06T19:19:47","slug":"voistluskalender-2026","status":"publish","type":"page","link":"https:\/\/www.jogevakabeklubi.ee\/","title":{"rendered":"V\u00d5ISTLUSKALENDER 2026"},"content":{"rendered":"<h4 class=\"has-text-color has-luminous-vivid-orange-color\"><span style=\"color: #0000ff;\"><a style=\"color: #0000ff;\" href=\"http:\/\/www.jogevakabeklubi.ee\/wp-content\/uploads\/2026\/01\/Jogevamaa-meistrivoistluste-kabe-uldjuhend-2026.pdf\"><strong>J\u00f5gevamaa meistriv\u00f5istluste 2026 \u00fcldjuhend<\/strong><\/a><\/span><\/h4>\n<h4 class=\"has-text-color has-vivid-cyan-blue-color\"><span style=\"color: #ff9900;\"><a style=\"color: #ff9900;\" href=\"http:\/\/www.jogevakabeklubi.ee\/wp-content\/uploads\/2026\/01\/Jogeva-KK-seeriavoistluse-2026-juhend.pdf\"><strong>J\u00f5<\/strong><strong>geva Kabeklubi seeriav\u00f5istluse 2026 juhen<\/strong><strong>d<\/strong><\/a><\/span><\/h4>\n<table style=\"border-collapse: collapse; width: 100%;\" border=\"1\">\n<tbody>\n<tr style=\"height: 20px;\">\n<th style=\"height: 20px; width: 11.0553%; background-color: #f5ebd7;\"><span style=\"font-size: medium; font-weight: bold; text-align: -webkit-center; color: #000000;\">Aeg<\/span><\/th>\n<th style=\"width: 45.6281%; height: 20px; background-color: #f5ebd7; text-align: center;\"><span style=\"font-size: medium; font-weight: bold; text-align: -webkit-center; color: #000000;\">\u00dcritus<\/span><\/th>\n<th style=\"width: 9.44725%; height: 20px; background-color: #f5ebd7; text-align: center;\"><span style=\"font-size: medium; font-weight: bold; text-align: -webkit-center; color: #000000;\">M\u00e4ngu-<\/span><br style=\"font-size: medium; font-weight: bold; text-align: -webkit-center;\"><span style=\"color: #000000;\"><span style=\"font-size: medium; font-weight: bold; text-align: -webkit-center;\">liik<\/span>&nbsp;<\/span><\/th>\n<th style=\"width: 31.6583%; height: 20px; background-color: #f5ebd7;\"><span style=\"font-size: medium; font-weight: bold; text-align: -webkit-center; color: #000000;\">Koht\/<\/span><br style=\"font-size: medium; font-weight: bold; text-align: -webkit-center;\"><span style=\"color: #000000;\"><span style=\"font-size: medium; font-weight: bold; text-align: -webkit-center;\">korraldaja<\/span>&nbsp;<\/span><\/th>\n<\/tr>\n<tr style=\"height: 24px;\">\n<td style=\"width: 97.7889%; height: 24px;\" colspan=\"4\"><span style=\"color: #000000;\"><strong>JAANUAR<\/strong><\/span><\/td>\n<\/tr>\n<tr style=\"height: 48px;\">\n<td style=\"width: 11.0553%; height: 48px;\"><span style=\"color: #000000;\">17. kell 10<\/span><\/td>\n<td style=\"width: 45.6281%; height: 48px;\"><span style=\"color: #000000;\"><span style=\"color: #0000ff;\"><a style=\"color: #0000ff;\" href=\"https:\/\/jogevakabeklubi.ee\/turniirid\/jogevamaa_mv64_2026\/\">J\u00f5gevamaa mv\/ Seeriav\u00f5istluse 1. etapp<\/a><\/span><\/span><\/td>\n<td style=\"width: 9.44725%; height: 48px;\"><span style=\"color: #000000;\">64<\/span><\/td>\n<td style=\"width: 31.6583%; height: 48px;\"><span style=\"color: #000000;\">Betti Alveri muuseum, Jaama 3b<br \/>\nJSL Kalju, J\u00f5geva Kabeklubi<\/span><\/td>\n<\/tr>\n<tr style=\"height: 24px;\">\n<td style=\"width: 97.7889%; height: 24px;\" colspan=\"4\"><span style=\"color: #000000;\"><strong>VEEBRUAR<\/strong><\/span><\/td>\n<\/tr>\n<tr style=\"height: 48px;\">\n<td style=\"width: 11.0553%; height: 48px;\"><span style=\"color: #000000;\">14. kell 10<\/span><\/td>\n<td style=\"width: 45.6281%; height: 48px;\"><span style=\"color: #000000;\"><a href=\"https:\/\/jogevakabeklubi.ee\/turniirid\/jogevamaa_mv100_2026\"><span style=\"color: #0000ff;\">J\u00f5gevamaa mv\/ Seeriav\u00f5istluse 2. etapp<\/span><\/a>&nbsp;<\/span><\/td>\n<td style=\"width: 9.44725%; height: 48px;\"><span style=\"color: #000000;\">100<\/span><\/td>\n<td style=\"width: 31.6583%; height: 48px;\"><span style=\"color: #000000;\">Betti Alveri muuseum, Jaama 3b<br \/>\nJSL Kalju, J\u00f5geva Kabeklubi<\/span><\/td>\n<\/tr>\n<tr style=\"height: 24px;\">\n<td style=\"width: 97.7889%; height: 24px;\" colspan=\"4\"><span style=\"color: #000000;\"><strong>M\u00c4RTS<\/strong><\/span><\/td>\n<\/tr>\n<tr style=\"height: 48px;\">\n<td style=\"width: 11.0553%; height: 48px;\"><span style=\"color: #000000;\">21. kell 10<\/span><\/td>\n<td style=\"width: 45.6281%; height: 48px;\"><span style=\"color: #0000ff;\"><a style=\"color: #0000ff;\" href=\"https:\/\/jogevakabeklubi.ee\/turniirid\/jogevamaa_valk100_2026\">J\u00f5gevamaa mv v\u00e4lkkabes\/ Seeriav\u00f5istluse 3. etapp<\/a><\/span><\/td>\n<td style=\"width: 9.44725%; height: 48px;\"><span style=\"color: #000000;\">100<\/span><\/td>\n<td style=\"width: 31.6583%; height: 48px;\"><span style=\"color: #000000;\">Betti Alveri muuseum, Jaama 3b<br \/>\nJSL Kalju, J\u00f5geva Kabeklubi<\/span><\/td>\n<\/tr>\n<tr style=\"height: 48px;\">\n<td style=\"width: 11.0553%; height: 48px;\"><span style=\"color: #000000;\">21. kell 10<\/span><\/td>\n<td style=\"width: 45.6281%; height: 48px;\"><span style=\"color: #0000ff;\"><a style=\"color: #0000ff;\" href=\"https:\/\/jogevakabeklubi.ee\/turniirid\/jogevamaa_valk64_2026\/\">J\u00f5gevamaa mv v\u00e4lkkabes\/ Seeriav\u00f5istluse 3. etapp<\/a><\/span><\/td>\n<td style=\"width: 9.44725%; height: 48px;\"><span style=\"color: #000000;\">64<\/span><\/td>\n<td style=\"width: 31.6583%; height: 48px;\"><span style=\"color: #000000;\">Betti Alveri muuseum, Jaama 3b<br \/>\nJSL Kalju, J\u00f5geva Kabeklubi<\/span><\/td>\n<\/tr>\n<tr style=\"height: 24px;\">\n<td style=\"width: 97.7889%; height: 24px;\" colspan=\"4\"><span style=\"color: #000000;\"><strong>MAI<\/strong><\/span><\/td>\n<\/tr>\n<tr style=\"height: 48px;\">\n<td style=\"width: 11.0553%; height: 48px;\"><span style=\"color: #000000;\">02. kell 11<\/span><\/td>\n<td style=\"width: 45.6281%; height: 48px;\"><span style=\"color: #000000;\">22. Pedja Pistrik\/ Seeriav\u00f5istluse 4. etapp &#8211; <span style=\"color: #ff0000;\"><a style=\"color: #ff0000;\" href=\"http:\/\/www.jogevakabeklubi.ee\/wp-content\/uploads\/2026\/04\/Pedja-Pistriku-juhend-2026.pdf\">juhend<\/a><\/span><\/span><\/td>\n<td style=\"width: 9.44725%; height: 48px;\"><span style=\"color: #000000;\">64<\/span><\/td>\n<td style=\"width: 31.6583%; height: 48px;\"><span style=\"color: #000000;\">Pedja meierei<br \/>\nTiit L\u00e4\u00e4ne, J\u00f5geva Kabeklubi<\/span><\/td>\n<\/tr>\n<tr style=\"height: 24px;\">\n<td style=\"width: 97.7889%; height: 24px;\" colspan=\"4\"><span style=\"color: #000000;\"><strong>JUUNI-JUULI<\/strong><\/span><\/td>\n<\/tr>\n<tr style=\"height: 48px;\">\n<td style=\"width: 11.0553%; height: 48px;\"><span style=\"color: #000000;\">27.06 &#8211; 01.07<\/span><\/td>\n<td style=\"width: 45.6281%; height: 48px;\"><span style=\"color: #000000;\">J\u00f5geva 2026 &#8211; <span style=\"color: #0000ff;\"><a style=\"color: #0000ff;\" href=\"http:\/\/www.jogevakabeklubi.ee\/wp-content\/uploads\/2026\/01\/Jogeva-2026-Juhend.pdf\">Juhend<\/a><\/span>, <span style=\"color: #0000ff;\"><a style=\"color: #0000ff;\" href=\"http:\/\/www.jogevakabeklubi.ee\/wp-content\/uploads\/2026\/01\/Jogeva-2026-Rules.pdf\">Rules &amp; Regulations<\/a><\/span><\/span><\/td>\n<td style=\"width: 9.44725%; height: 48px;\"><span style=\"color: #000000;\">64<\/span><\/td>\n<td style=\"width: 31.6583%; height: 48px;\"><span style=\"color: #000000;\">J\u00f5geva Kultuurikeskus<br \/>\nJ\u00f5geva Kabeklubi<\/span><\/td>\n<\/tr>\n<tr style=\"height: 24px;\">\n<td style=\"height: 24px; width: 97.7889%;\" colspan=\"4\"><span style=\"color: #000000;\"><strong>OKTOOBER<\/strong><\/span><\/td>\n<\/tr>\n<tr style=\"height: 48px;\">\n<td style=\"width: 11.0553%; height: 48px;\"><span style=\"color: #000000;\">03. kell 10<\/span><\/td>\n<td style=\"width: 45.6281%; height: 48px;\"><span style=\"color: #000000;\">J\u00f5gevamaa mv brasiilia kabes\/ Seeriav\u00f5istluse 5. etapp &#8211; <span style=\"color: #0000ff;\"><a style=\"color: #0000ff;\" href=\"http:\/\/www.jogevakabeklubi.ee\/wp-content\/uploads\/2026\/01\/Jogevamaa-meistrivoistluste-kabe-uldjuhend-2026.pdf\">juhend<\/a><\/span><\/span><\/td>\n<td style=\"width: 9.44725%; height: 48px;\"><span style=\"color: #000000;\">64<\/span><\/td>\n<td style=\"width: 31.6583%; height: 48px;\"><span style=\"color: #000000;\">Betti Alveri muuseum, Jaama 3b<br \/>\nJSL Kalju, J\u00f5geva Kabeklubi<br \/>\n<\/span><\/td>\n<\/tr>\n<tr style=\"height: 48px;\">\n<td style=\"width: 11.0553%; height: 48px;\"><span style=\"color: #000000;\">04. kell 10:30<\/span><\/td>\n<td style=\"width: 45.6281%; height: 48px;\"><span style=\"color: #ff0000;\"><span style=\"color: #000000;\">ESL J\u00f5ud meistriv\u00f5istlused<\/span><br \/>\n<\/span><\/td>\n<td style=\"width: 9.44725%; height: 48px;\"><span style=\"color: #000000;\">64<\/span><\/td>\n<td style=\"width: 31.6583%; height: 48px;\"><span style=\"color: #000000;\">J\u00f5geva Kultuurikeskus<br \/>\nESL J\u00f5ud, J\u00f5geva Kabeklubi<\/span><\/td>\n<\/tr>\n<tr style=\"height: 24px;\">\n<td style=\"width: 97.7889%; height: 24px;\" colspan=\"4\"><span style=\"color: #000000;\"><strong>NOVEMBER<\/strong><\/span><\/td>\n<\/tr>\n<tr style=\"height: 48px;\">\n<td style=\"width: 11.0553%; height: 48px;\"><span style=\"color: #000000;\">21. kell 10:30<\/span><\/td>\n<td style=\"width: 45.6281%; height: 48px;\"><span style=\"color: #000000;\">Paunvere 30. kabeturniir\/ Seeriav\u00f5istluse 6. etapp<\/span><\/td>\n<td style=\"width: 9.44725%; height: 48px;\"><span style=\"color: #000000;\">64<\/span><\/td>\n<td style=\"width: 31.6583%; height: 48px;\"><span style=\"color: #000000;\">J\u00f5geva Kultuurikeskus<br \/>\nJ\u00f5geva Valla Kultuur, J\u00f5geva KK<br \/>\n<\/span><\/td>\n<\/tr>\n<tr style=\"height: 48px;\">\n<td style=\"width: 11.0553%; height: 48px;\"><span style=\"color: #000000;\">22. kell 10:30<\/span><\/td>\n<td style=\"width: 45.6281%; height: 48px;\"><span style=\"color: #000000;\">Coop J\u00f5geva 48. kabeturniir\/ Seeriav\u00f5istluse 7. etapp<\/span><\/td>\n<td style=\"width: 9.44725%; height: 48px;\"><span style=\"color: #000000;\">64<\/span><\/td>\n<td style=\"width: 31.6583%; height: 48px;\"><span style=\"color: #000000;\">Restoran Kosmos, Suur 14, J\u00f5geva<br \/>\nJ\u00f5geva M\u00dc, J\u00f5geva Kabeklubi<br \/>\n<\/span><\/td>\n<\/tr>\n<tr style=\"height: 24px;\">\n<td style=\"width: 97.7889%; height: 24px;\" colspan=\"4\"><span style=\"color: #000000;\"><strong>DETSEMBER<\/strong><\/span><\/td>\n<\/tr>\n<tr style=\"height: 48px;\">\n<td style=\"width: 11.0553%; height: 48px;\"><span style=\"color: #000000;\">12. kell 11:00<\/span><\/td>\n<td style=\"width: 45.6281%; height: 48px;\"><span style=\"color: #000000;\">Orthezi 21. kabeturniir\/ Seeriav\u00f5istluse 8. etapp<\/span><\/td>\n<td style=\"width: 9.44725%; height: 48px;\"><span style=\"color: #000000;\">64<\/span><\/td>\n<td style=\"width: 31.6583%; height: 48px;\"><span style=\"color: #000000;\"><br \/>\nOrthez O\u00dc, J\u00f5geva Kabeklubi<\/span><\/td>\n<\/tr>\n<\/tbody>\n<\/table>\n<p><span style=\"color: #0000ff;\"><a style=\"color: #0000ff;\" href=\"https:\/\/www.jogevakabeklubi.ee\/?page_id=10413\">V\u00d5ISTLUSKALENDER 2025<\/a><br \/>\n<\/span><span style=\"color: #0000ff;\"><a style=\"color: #0000ff;\" href=\"https:\/\/www.jogevakabeklubi.ee\/?page_id=10125\">V\u00d5ISTLUSKALENDER 2024<\/a><br \/>\n<a style=\"color: #0000ff;\" href=\"https:\/\/www.jogevakabeklubi.ee\/?page_id=9856\">V\u00d5ISTLUSKALENDER 2023<\/a><br \/>\n<a style=\"color: #0000ff;\" href=\"https:\/\/www.jogevakabeklubi.ee\/?page_id=9542\">V\u00d5ISTLUSKALENDER 2022<\/a><br \/>\n<a style=\"color: #0000ff;\" href=\"https:\/\/www.jogevakabeklubi.ee\/?page_id=9257\">V\u00d5ISTLUSKALENDER 2021<\/a><br \/>\n<a style=\"color: #0000ff;\" href=\"https:\/\/www.jogevakabeklubi.ee\/?page_id=8844\">V\u00d5ISTLUSKALENDER 2020<\/a><\/span><br \/>\n<span style=\"color: #0000ff;\"><a style=\"color: #0000ff;\" href=\"https:\/\/www.jogevakabeklubi.ee\/?page_id=8161\">V\u00d5ISTLUSKALENDER 2019<\/a><\/span><br \/>\n<a href=\"https:\/\/www.jogevakabeklubi.ee\/?page_id=7213\"><span style=\"color: #0000ff;\">V\u00d5ISTLUSKALENDER 2018<\/span><\/a>&nbsp;<br \/>\n<span style=\"color: #0000ff;\"><a style=\"color: #0000ff;\" href=\"http:\/\/www.jogevakabeklubi.ee\/?page_id=4200\">V\u00d5ISTLUSKALENDER 2017<\/a><\/span>&nbsp;<br \/>\n<a href=\"http:\/\/www.jogevakabeklubi.ee\/?page_id=3696\"><span style=\"color: #0000ff;\">V\u00d5ISTLUSKALENDER 2016<\/span><\/a>&nbsp;<br \/>\n<span style=\"color: #0000ff;\"><a style=\"color: #0000ff;\" href=\"http:\/\/www.jogevakabeklubi.ee\/?page_id=3190\"> V\u00d5ISTLUSKALENDER 2015<\/a><\/span><br \/>\n<a href=\"http:\/\/www.jogevakabeklubi.ee\/?page_id=2730\"><span style=\"color: #0000ff;\">V\u00d5ISTLUSKALENDER 2014<\/span><\/a><br \/>\n<a href=\"http:\/\/www.jogevakabeklubi.ee\/?page_id=2285\"><span style=\"color: #0000ff;\">V\u00d5ISTLUSKALENDER 2013<\/span><\/a><br \/>\n<a href=\"http:\/\/www.jogevakabeklubi.ee\/?page_id=1833\"><span style=\"color: #0000ff;\">V\u00d5ISTLUSKALENDER 2012<\/span><\/a><br \/>\n<a href=\"http:\/\/www.jogevakabeklubi.ee\/?page_id=899\"><span style=\"color: #0000ff;\">V\u00d5ISTLUSKALENDER 2011<\/span><\/a><br \/>\n<a href=\"http:\/\/www.jogevakabeklubi.ee\/?page_id=290\"><span style=\"color: #0000ff;\">V\u00d5ISTLUSKALENDER 2010<\/span><\/a><\/p>\n","protected":false},"excerpt":{"rendered":"<h4 class=\"has-text-color has-luminous-vivid-orange-color\"><span style=\"color: #0000ff;\"><a style=\"color: #0000ff;\" href=\"http:\/\/www.jogevakabeklubi.ee\/wp-content\/uploads\/2026\/01\/Jogevamaa-meistrivoistluste-kabe-uldjuhend-2026.pdf\"><strong>J\u00f5gevamaa meistriv\u00f5istluste 2026 \u00fcldjuhend<\/strong><\/a><\/span><\/h4>\n<h4 class=\"has-text-color has-vivid-cyan-blue-color\"><span style=\"color: #ff9900;\"><a style=\"color: #ff9900;\" href=\"http:\/\/www.jogevakabeklubi.ee\/wp-content\/uploads\/2026\/01\/Jogeva-KK-seeriavoistluse-2026-juhend.pdf\"><strong>J\u00f5<\/strong><strong>geva Kabeklubi seeriav\u00f5istluse 2026 juhen<\/strong><strong>d<\/strong><\/a><\/span><\/h4>\n<p><span style=\"font-size: medium; font-weight: bold; text-align: -webkit-center; color: #000000;\">Aeg<\/span><br \/>\n<span style=\"font-size: medium; font-weight: bold; text-align: -webkit-center; color: #000000;\">\u00dcritus<\/span><br \/>\n<span style=\"font-size: medium; font-weight: bold; text-align: -webkit-center; color: #000000;\">M\u00e4ngu-<\/span><span style=\"color: #000000;\"><span style=\"font-size: medium; font-weight: bold; text-align: -webkit-center;\">liik<\/span>&nbsp;<\/span><br \/>\n<span style=\"font-size: medium; font-weight: bold; text-align: -webkit-center; color: #000000;\">Koht\/<\/span><span style=\"color: #000000;\"><span style=\"font-size: medium; font-weight: bold; text-align: -webkit-center;\">korraldaja<\/span>&nbsp;<\/span> <\/p>\n<p><span style=\"color: #000000;\"><strong>JAANUAR<\/strong><\/span> <\/p>\n<p><span style=\"color: #000000;\">17. kell 10<\/span><br \/>\n<span style=\"color: #000000;\"><span style=\"color: #0000ff;\"><a style=\"color: #0000ff;\" href=\"https:\/\/jogevakabeklubi.ee\/turniirid\/jogevamaa_mv64_2026\/\">J\u00f5gevamaa mv\/ Seeriav\u00f5istluse<\/a><\/span><\/span> <div class=\"pgee-read-more\"><a href=\"https:\/\/www.jogevakabeklubi.ee\/\">J\u00e4tka lugemist<\/a><\/div><\/p>","protected":false},"author":1,"featured_media":0,"parent":0,"menu_order":0,"comment_status":"closed","ping_status":"closed","template":"","meta":{"ngg_post_thumbnail":0,"footnotes":""},"_links":{"self":[{"href":"https:\/\/www.jogevakabeklubi.ee\/index.php?rest_route=\/wp\/v2\/pages\/10732"}],"collection":[{"href":"https:\/\/www.jogevakabeklubi.ee\/index.php?rest_route=\/wp\/v2\/pages"}],"about":[{"href":"https:\/\/www.jogevakabeklubi.ee\/index.php?rest_route=\/wp\/v2\/types\/page"}],"author":[{"embeddable":true,"href":"https:\/\/www.jogevakabeklubi.ee\/index.php?rest_route=\/wp\/v2\/users\/1"}],"replies":[{"embeddable":true,"href":"https:\/\/www.jogevakabeklubi.ee\/index.php?rest_route=%2Fwp%2Fv2%2Fcomments&post=10732"}],"version-history":[{"count":28,"href":"https:\/\/www.jogevakabeklubi.ee\/index.php?rest_route=\/wp\/v2\/pages\/10732\/revisions"}],"predecessor-version":[{"id":10863,"href":"https:\/\/www.jogevakabeklubi.ee\/index.php?rest_route=\/wp\/v2\/pages\/10732\/revisions\/10863"}],"wp:attachment":[{"href":"https:\/\/www.jogevakabeklubi.ee\/index.php?rest_route=%2Fwp%2Fv2%2Fmedia&parent=10732"}],"curies":[{"name":"wp","href":"https:\/\/api.w.org\/{rel}","templated":true}]}}