{"id":10125,"date":"2023-12-23T20:52:55","date_gmt":"2023-12-23T18:52:55","guid":{"rendered":"https:\/\/www.jogevakabeklubi.ee\/?page_id=10125"},"modified":"2025-12-28T16:27:01","modified_gmt":"2025-12-28T14:27:01","slug":"voistluskalender-2024","status":"publish","type":"page","link":"https:\/\/www.jogevakabeklubi.ee\/?page_id=10125","title":{"rendered":"V\u00d5ISTLUSKALENDER 2024"},"content":{"rendered":"<h4 class=\"has-text-color has-luminous-vivid-orange-color\"><span style=\"color: #0000ff;\"><strong><span style=\"color: #0000ff;\"><a style=\"color: #0000ff;\" href=\"https:\/\/www.jogevakabeklubi.ee\/wp-content\/uploads\/2024\/01\/Jogevamaa-meistrivoistluste-kabe-uldjuhend-2024.pdf\">J\u00f5gevamaa meistriv\u00f5istluste 2024 \u00fcldjuhend<\/a><\/span><\/strong><\/span><\/h4>\n<h4 class=\"has-text-color has-vivid-cyan-blue-color\"><a href=\"https:\/\/www.jogevakabeklubi.ee\/wp-content\/uploads\/2024\/01\/Jogeva-KK-seeriavoistluse-2024-juhend.pdf\"><span style=\"color: #a6a644;\"><strong>J\u00f5<\/strong><\/span><span style=\"color: #a6a644;\"><strong>geva Kabeklubi seeriav\u00f5istluse 2024 juhen<\/strong><\/span><span style=\"color: #a6a644;\"><strong>d<\/strong><\/span><\/a><\/h4>\n<table style=\"border-collapse: collapse; width: 100%;\" border=\"1\">\n<tbody>\n<tr style=\"height: 20px;\">\n<th style=\"height: 20px; width: 11.0553%; background-color: #ffdfb5;\"><span style=\"font-size: medium; font-weight: bold; text-align: -webkit-center; color: #000000;\">Aeg<\/span><\/th>\n<th style=\"width: 45.6281%; height: 20px; background-color: #ffdfb5; text-align: center;\"><span style=\"font-size: medium; font-weight: bold; text-align: -webkit-center; color: #000000;\">\u00dcritus<\/span><\/th>\n<th style=\"width: 9.44725%; height: 20px; background-color: #ffdfb5; text-align: center;\"><span style=\"font-size: medium; font-weight: bold; text-align: -webkit-center; color: #000000;\">M\u00e4ngu-<\/span><br style=\"font-size: medium; font-weight: bold; text-align: -webkit-center;\"><span style=\"color: #000000;\"><span style=\"font-size: medium; font-weight: bold; text-align: -webkit-center;\">liik<\/span>&nbsp;<\/span><\/th>\n<th style=\"width: 31.6583%; height: 20px; background-color: #ffdfb5;\"><span style=\"font-size: medium; font-weight: bold; text-align: -webkit-center; color: #000000;\">Koht\/<\/span><br style=\"font-size: medium; font-weight: bold; text-align: -webkit-center;\"><span style=\"color: #000000;\"><span style=\"font-size: medium; font-weight: bold; text-align: -webkit-center;\">korraldaja<\/span>&nbsp;<\/span><\/th>\n<\/tr>\n<tr style=\"height: 24px;\">\n<td style=\"width: 97.7889%; height: 24px;\" colspan=\"4\"><span style=\"color: #000000;\"><strong>JAANUAR<\/strong><\/span><\/td>\n<\/tr>\n<tr style=\"height: 48px;\">\n<td style=\"width: 11.0553%; height: 48px;\"><span style=\"color: #000000;\">13. kell 10<\/span><\/td>\n<td style=\"width: 45.6281%; height: 48px;\"><span style=\"color: #0000ff;\"><a style=\"color: #0000ff;\" href=\"https:\/\/jogevakabeklubi.ee\/turniirid\/jogevamaa_mv64_2024\">J\u00f5gevamaa mv<\/a><\/span><\/td>\n<td style=\"width: 9.44725%; height: 48px;\"><span style=\"color: #000000;\">64<\/span><\/td>\n<td style=\"width: 31.6583%; height: 48px;\"><span style=\"color: #000000;\">J\u00f5geva Kultuurikeskus<br \/>\nJSL Kalju, J\u00f5geva Kabeklubi<\/span><\/td>\n<\/tr>\n<tr style=\"height: 48px;\">\n<td style=\"width: 11.0553%; height: 48px;\"><span style=\"color: #000000;\">18.-21.<\/span><\/td>\n<td style=\"width: 45.6281%; height: 48px;\"><span style=\"color: #000000;\"><span style=\"color: #ff0000;\"><span style=\"color: #000000;\">Eesti meistriv\u00f5istlused<\/span> <span style=\"color: #000000;\">&#8211;<\/span> <span style=\"color: #0000ff;\"><a style=\"color: #0000ff;\" href=\"https:\/\/www.kabeliit.ee\/turniirid\/t716\/\">mehed<\/a>, <a style=\"color: #0000ff;\" href=\"https:\/\/www.kabeliit.ee\/turniirid\/t717\/\">naised<\/a><\/span><\/span><\/span><\/td>\n<td style=\"width: 9.44725%; height: 48px;\"><span style=\"color: #000000;\">64<\/span><\/td>\n<td style=\"width: 31.6583%; height: 48px;\"><span style=\"color: #000000;\">J\u00f5geva Kultuurikeskus<br \/>\nEesti Kabeliit<\/span><\/td>\n<\/tr>\n<tr style=\"height: 24px;\">\n<td style=\"width: 97.7889%; height: 24px;\" colspan=\"4\"><span style=\"color: #000000;\"><strong>VEEBRUAR<\/strong><\/span><\/td>\n<\/tr>\n<tr style=\"height: 48px;\">\n<td style=\"width: 11.0553%; height: 48px;\"><span style=\"color: #000000;\">10. kell 10<\/span><\/td>\n<td style=\"width: 45.6281%; height: 48px;\"><span style=\"color: #0000ff;\"><a style=\"color: #0000ff;\" href=\"https:\/\/jogevakabeklubi.ee\/turniirid\/jogevamaa_mv100_2024\">J\u00f5gevamaa mv<\/a><\/span><\/td>\n<td style=\"width: 9.44725%; height: 48px;\"><span style=\"color: #000000;\">100<\/span><\/td>\n<td style=\"width: 31.6583%; height: 48px;\"><span style=\"color: #000000;\">J\u00f5geva Kultuurikeskus<br \/>\nJSL Kalju, J\u00f5geva Kabeklubi<\/span><\/td>\n<\/tr>\n<tr style=\"height: 24px;\">\n<td style=\"width: 97.7889%; height: 24px;\" colspan=\"4\"><span style=\"color: #000000;\"><strong>M\u00c4RTS<\/strong><\/span><\/td>\n<\/tr>\n<tr style=\"height: 48px;\">\n<td style=\"width: 11.0553%; height: 48px;\"><span style=\"color: #000000;\">24. kell 10<\/span><\/td>\n<td style=\"width: 45.6281%; height: 48px;\"><span style=\"color: #0000ff;\"><a style=\"color: #0000ff;\" href=\"https:\/\/jogevakabeklubi.ee\/turniirid\/jogevamaa_valk100_2024\">J\u00f5gevamaa mv v\u00e4lkkabes<\/a><\/span><\/td>\n<td style=\"width: 9.44725%; height: 48px;\"><span style=\"color: #000000;\">100<\/span><\/td>\n<td style=\"width: 31.6583%; height: 48px;\"><span style=\"color: #000000;\">J\u00f5geva Kultuurikeskus<br \/>\nJSL Kalju, J\u00f5geva Kabeklubi<\/span><\/td>\n<\/tr>\n<tr style=\"height: 48px;\">\n<td style=\"width: 11.0553%; height: 48px;\"><span style=\"color: #000000;\">24. kell 10<\/span><\/td>\n<td style=\"width: 45.6281%; height: 48px;\"><span style=\"color: #0000ff;\"><a style=\"color: #0000ff;\" href=\"https:\/\/jogevakabeklubi.ee\/turniirid\/jogevamaa_valk64_2024\">J\u00f5gevamaa mv v\u00e4lkkabes<\/a><\/span><\/td>\n<td style=\"width: 9.44725%; height: 48px;\"><span style=\"color: #000000;\">64<\/span><\/td>\n<td style=\"width: 31.6583%; height: 48px;\"><span style=\"color: #000000;\">J\u00f5geva Kultuurikeskus<br \/>\nJSL Kalju, J\u00f5geva Kabeklubi<\/span><\/td>\n<\/tr>\n<tr style=\"height: 24px;\">\n<td style=\"width: 97.7889%; height: 24px;\" colspan=\"4\"><span style=\"color: #000000;\"><strong>APRILL<\/strong><\/span><\/td>\n<\/tr>\n<tr style=\"height: 48px;\">\n<td style=\"width: 11.0553%; height: 48px;\"><span style=\"color: #000000;\">13. kell 10<\/span><\/td>\n<td style=\"width: 45.6281%; height: 48px;\"><span style=\"color: #000000;\"><span style=\"color: #ff0000;\"><a style=\"color: #ff0000;\" href=\"https:\/\/jogevakabeklubi.ee\/turniirid\/jogevamaa_veteranide_mv2024\"><span style=\"color: #0000ff;\">J\u00f5gevamaa veteranide mv<\/span><\/a><\/span><\/span><\/td>\n<td style=\"width: 9.44725%; height: 48px;\"><span style=\"color: #000000;\">64<\/span><\/td>\n<td style=\"width: 31.6583%; height: 48px;\"><span style=\"color: #000000;\">Virtus, J\u00f5geva<br \/>\nJ\u00f5geva SVK, J\u00f5geva Kabeklubi<\/span><\/td>\n<\/tr>\n<tr style=\"height: 48px;\">\n<td style=\"width: 11.0553%; height: 48px;\"><span style=\"color: #000000;\">17. kell 11:30<\/span><\/td>\n<td style=\"width: 45.6281%; height: 48px;\"><span style=\"color: #0000ff;\">J\u00f5geva P\u00f5hikooli mv &#8211;<br \/>\n<a style=\"color: #0000ff;\" href=\"https:\/\/jogevakabeklubi.ee\/turniirid\/jpk_mv2024_1_3\">1.-3. klass<\/a>; <a style=\"color: #0000ff;\" href=\"https:\/\/jogevakabeklubi.ee\/turniirid\/jpk_mv2024_4_6\">4.-6. klass<\/a>; <a style=\"color: #0000ff;\" href=\"https:\/\/jogevakabeklubi.ee\/turniirid\/jpk_mv2024_7_9\">7.-9. klass<\/a><\/span><\/td>\n<td style=\"width: 9.44725%; height: 48px;\"><span style=\"color: #000000;\">64<\/span><\/td>\n<td style=\"width: 31.6583%; height: 48px;\"><span style=\"color: #000000;\">J\u00f5geva P\u00f5hikool<br \/>\nJ\u00f5geva P\u00f5hikool, J\u00f5geva Kabeklubi<\/span><\/td>\n<\/tr>\n<tr style=\"height: 24px;\">\n<td style=\"width: 97.7889%; height: 24px;\" colspan=\"4\"><span style=\"color: #000000;\"><strong>MAI<\/strong><\/span><\/td>\n<\/tr>\n<tr style=\"height: 48px;\">\n<td style=\"width: 11.0553%; height: 48px;\"><span style=\"color: #000000;\">25. kell 11<\/span><\/td>\n<td style=\"width: 45.6281%; height: 48px;\"><span style=\"color: #000000;\">J\u00f5geva Pargikabe 2024<\/span><\/td>\n<td style=\"width: 9.44725%; height: 48px;\"><span style=\"color: #000000;\">64<\/span><\/td>\n<td style=\"width: 31.6583%; height: 48px;\"><span style=\"color: #000000;\">J\u00f5geva Kabev\u00e4ljak<br \/>\nJ\u00f5geva Kabeklubi<\/span><\/td>\n<\/tr>\n<tr style=\"height: 24px;\">\n<td style=\"width: 97.7889%; height: 24px;\" colspan=\"4\"><span style=\"color: #000000;\"><strong>JUUNI<\/strong><\/span><\/td>\n<\/tr>\n<tr style=\"height: 48px;\">\n<td style=\"width: 11.0553%; height: 48px;\"><span style=\"color: #000000;\">24.-29.<\/span><\/td>\n<td style=\"width: 45.6281%; height: 48px;\"><span style=\"color: #000000;\">Balti meistriv\u00f5istlused \u201cJ\u00f5geva 2024\u201d &#8211;<br \/>\n<a href=\"https:\/\/results.fmjd.org\/tournaments\/2024\/f_989\/\"><span style=\"color: #ff0000;\"><span style=\"color: #0000ff;\">Men classic<\/span><\/span><\/a>; <span style=\"color: #0000ff;\"><a style=\"color: #0000ff;\" href=\"https:\/\/results.fmjd.org\/tournaments\/2024\/f_990\/\">Women classic<\/a><\/span>; <span style=\"color: #0000ff;\"><a style=\"color: #0000ff;\" href=\"https:\/\/results.fmjd.org\/tournaments\/2024\/f_824\/\">Kiirturniir\/Rapid<\/a><\/span>; <span style=\"color: #0000ff;\"><a style=\"color: #0000ff;\" href=\"https:\/\/results.fmjd.org\/tournaments\/2024\/f_991\/\">V\u00e4lkturniir\/Blitz<\/a><\/span><\/span><\/td>\n<td style=\"width: 9.44725%; height: 48px;\"><span style=\"color: #000000;\">64<\/span><\/td>\n<td style=\"width: 31.6583%; height: 48px;\"><span style=\"color: #000000;\">Kuremaa loss<\/span><br \/>\n<span style=\"color: #000000;\">J\u00f5geva Kabeklubi<\/span><\/td>\n<\/tr>\n<tr style=\"height: 24px;\">\n<td style=\"width: 97.7889%; height: 24px;\" colspan=\"4\"><span style=\"color: #000000;\"><strong>JUULI<\/strong><\/span><\/td>\n<\/tr>\n<tr style=\"height: 48px;\">\n<td style=\"width: 11.0553%; height: 48px;\"><span style=\"color: #000000;\">13.-14.<\/span><\/td>\n<td style=\"width: 45.6281%; height: 48px;\"><span style=\"color: #000000;\">Eesti Kabe suvep\u00e4evad<br \/>\n<a href=\"https:\/\/www.kabeliit.ee\/turniirid\/t763\/index.html\"><span style=\"color: #0000ff;\">64-r (vene)<\/span><\/a>, <span style=\"color: #0000ff;\"><a style=\"color: #0000ff;\" href=\"https:\/\/www.kabeliit.ee\/turniirid\/t764\/index.html\">Brasiilia<\/a><\/span>, <span style=\"color: #0000ff;\"><a style=\"color: #0000ff;\" href=\"https:\/\/www.kabeliit.ee\/turniirid\/t765\/index.html\">100-r<\/a><\/span>, <span style=\"color: #0000ff;\"><a style=\"color: #0000ff;\" href=\"https:\/\/www.kabeliit.ee\/images\/9\/95\/Suvepaevad_2024_Yldarvestus.pdf\">\u00dcldkokkuv\u00f5te<\/a>, <a style=\"color: #0000ff;\" href=\"http:\/\/www.jogevakabeklubi.ee\/wp-content\/uploads\/2024\/07\/Kabe-suvepaevad-petank-2024.pdf\">Petank<\/a><\/span><\/span><\/td>\n<td style=\"width: 9.44725%; height: 48px;\"><span style=\"color: #000000;\">64\/100<\/span><\/td>\n<td style=\"width: 31.6583%; height: 48px;\"><span style=\"color: #000000;\">Lagedi, Lohusuu (Kaljo Siimer)<br \/>\nEesti Kabeliit, J\u00f5geva Kabeklubi<\/span><\/td>\n<\/tr>\n<tr style=\"height: 24px;\">\n<td style=\"width: 11.0553%; height: 24px;\" colspan=\"4\"><span style=\"color: #000000;\"><strong>AUGUST<\/strong><\/span><\/td>\n<\/tr>\n<tr style=\"height: 48px;\">\n<td style=\"width: 11.0553%; height: 48px;\"><span style=\"color: #000000;\">10.08.<\/span><\/td>\n<td style=\"width: 45.6281%; height: 48px;\"><span style=\"color: #000000;\">ESVL 57. sportm\u00e4ngud &#8211; <span style=\"color: #ff0000;\"><span style=\"color: #0000ff;\"><a style=\"color: #0000ff;\" href=\"http:\/\/www.jogevakabeklubi.ee\/wp-content\/uploads\/2024\/07\/ESVL-sportmangude-KINNITATUD-juhend-06.06.pdf\">juhend<\/a><\/span><br \/>\n<span style=\"color: #0000ff;\">Turniiritabel &#8211; <a style=\"color: #0000ff;\" href=\"https:\/\/jogevakabeklubi.ee\/turniirid\/esvl_suvemangud2024_mehed\">Mehed<\/a>, <a style=\"color: #0000ff;\" href=\"https:\/\/jogevakabeklubi.ee\/turniirid\/esvl_suvemangud2024_naised\">Naised,<\/a> <a style=\"color: #0000ff;\" href=\"http:\/\/www.jogevakabeklubi.ee\/wp-content\/uploads\/2024\/08\/ESL-kabe-voistkondlik-paremusjarjestus.pdf\">V\u00f5istkondlik<\/a><\/span><\/span><\/span><\/td>\n<td style=\"width: 9.44725%; height: 48px;\"><span style=\"color: #000000;\">64<\/span><\/td>\n<td style=\"width: 31.6583%; height: 48px;\"><span style=\"color: #000000;\">J\u00f5geva P\u00f5hikool<br \/>\nESVL, JSL Kalju<\/span><\/td>\n<\/tr>\n<tr style=\"height: 24px;\">\n<td style=\"height: 24px; width: 97.7889%;\" colspan=\"4\"><span style=\"color: #000000;\"><strong>OKTOOBER<\/strong><\/span><\/td>\n<\/tr>\n<tr style=\"height: 48px;\">\n<td style=\"width: 11.0553%; height: 48px;\"><span style=\"color: #000000;\">12. kell 10<\/span><\/td>\n<td style=\"width: 45.6281%; height: 48px;\"><span style=\"color: #0000ff;\"><a style=\"color: #0000ff;\" href=\"https:\/\/jogevakabeklubi.ee\/turniirid\/jogevamaa_mv_br_2024\"><span style=\"color: #0000ff;\">J\u00f5gevamaa mv brasiilia kabes<\/span><\/a><\/span><\/td>\n<td style=\"width: 9.44725%; height: 48px;\"><span style=\"color: #000000;\">64<\/span><\/td>\n<td style=\"width: 31.6583%; height: 48px;\"><span style=\"color: #000000;\">J\u00f5geva Kultuurikeskus<br \/>\nJSL Kalju, J\u00f5geva Kabeklubi<br \/>\n<\/span><\/td>\n<\/tr>\n<tr>\n<td style=\"width: 11.0553%;\"><span style=\"color: #000000;\">19. kell 11:15<\/span><\/td>\n<td style=\"width: 45.6281%;\"><span style=\"color: #000000;\">ESL J\u00f5ud meistriv\u00f5istlused &#8211; <span style=\"color: #0000ff;\"><a style=\"color: #0000ff;\" href=\"https:\/\/jogevakabeklubi.ee\/turniirid\/joud2024\">t\u00e4iskasvanud<\/a>, <a style=\"color: #0000ff;\" href=\"https:\/\/jogevakabeklubi.ee\/turniirid\/joud2024_noored\">noored<\/a><\/span><\/span><\/td>\n<td style=\"width: 9.44725%;\"><span style=\"color: #000000;\">64<\/span><\/td>\n<td style=\"width: 31.6583%;\"><span style=\"color: #000000;\">J\u00f5geva Kultuurikeskus<br \/>\nESL J\u00f5ud, J\u00f5geva Kabeklubi<br \/>\n<\/span><\/td>\n<\/tr>\n<tr>\n<td style=\"width: 11.0553%;\" colspan=\"4\"><span style=\"color: #000000;\"><strong>NOVEMBER<\/strong><\/span><\/td>\n<\/tr>\n<tr>\n<td style=\"width: 11.0553%;\"><span style=\"color: #000000;\">30. kell 11:15<\/span><\/td>\n<td style=\"width: 45.6281%;\"><span style=\"color: #0000ff;\"><a style=\"color: #0000ff;\" href=\"https:\/\/jogevakabeklubi.ee\/turniirid\/Paunvere2024\">Paunvere 28. kabeturniir<\/a>; <a style=\"color: #0000ff;\" href=\"https:\/\/jogevakabeklubi.ee\/turniirid\/Paunvere2024_U10_U13\/\">U10_U13<\/a><\/span><\/td>\n<td style=\"width: 9.44725%;\"><span style=\"color: #000000;\">64<\/span><\/td>\n<td style=\"width: 31.6583%;\"><span style=\"color: #000000;\">J\u00f5geva Kultuurikeskus<br \/>\nJ\u00f5geva Valla Kultuur, J\u00f5geva KK<br \/>\n<\/span><\/td>\n<\/tr>\n<tr style=\"height: 24px;\">\n<td style=\"width: 97.7889%; height: 24px;\" colspan=\"4\"><span style=\"color: #000000;\"><strong>DETSEMBER<\/strong><\/span><\/td>\n<\/tr>\n<tr>\n<td style=\"width: 11.0553%;\"><span style=\"color: #000000;\">01. kell 11:15<\/span><\/td>\n<td style=\"width: 45.6281%;\"><span style=\"color: #0000ff;\"><a style=\"color: #0000ff;\" href=\"https:\/\/jogevakabeklubi.ee\/turniirid\/Coop2024\">Coop J\u00f5geva 46. kabeturniir<\/a><\/span><\/td>\n<td style=\"width: 9.44725%;\"><span style=\"color: #000000;\">64<\/span><\/td>\n<td style=\"width: 31.6583%;\"><span style=\"color: #000000;\">Restoran Kosmos, Suur 14, J\u00f5geva<br \/>\nJ\u00f5geva M\u00dc, J\u00f5geva Kabeklubi<\/span><\/td>\n<\/tr>\n<tr style=\"height: 48px;\">\n<td style=\"width: 11.0553%; height: 48px;\"><span style=\"color: #000000;\">14. kell 11:15<\/span><\/td>\n<td style=\"width: 45.6281%; height: 48px;\"><span style=\"color: #0000ff;\"><a style=\"color: #0000ff;\" href=\"https:\/\/jogevakabeklubi.ee\/turniirid\/Orthez19\">Orthezi 19. kabeturniir<\/a><\/span><\/td>\n<td style=\"width: 9.44725%; height: 48px;\"><span style=\"color: #000000;\">64<\/span><\/td>\n<td style=\"width: 31.6583%; height: 48px;\"><span style=\"color: #000000;\">Kuremaa loss<br \/>\nOrthez O\u00dc, J\u00f5geva Kabeklubi<\/span><\/td>\n<\/tr>\n<\/tbody>\n<\/table>\n<p><span style=\"color: #0000ff;\"><a style=\"color: #0000ff;\" href=\"https:\/\/www.jogevakabeklubi.ee\/?page_id=9856\">V\u00d5ISTLUSKALENDER 2023<\/a><br \/>\n<a style=\"color: #0000ff;\" href=\"https:\/\/www.jogevakabeklubi.ee\/?page_id=9542\">V\u00d5ISTLUSKALENDER 2022<\/a><br \/>\n<a style=\"color: #0000ff;\" href=\"https:\/\/www.jogevakabeklubi.ee\/?page_id=9257\">V\u00d5ISTLUSKALENDER 2021<\/a><br \/>\n<a style=\"color: #0000ff;\" href=\"https:\/\/www.jogevakabeklubi.ee\/?page_id=8844\">V\u00d5ISTLUSKALENDER 2020<\/a><\/span><br \/>\n<span style=\"color: #0000ff;\"><a style=\"color: #0000ff;\" href=\"https:\/\/www.jogevakabeklubi.ee\/?page_id=8161\">V\u00d5ISTLUSKALENDER 2019<\/a><\/span><br \/>\n<a href=\"https:\/\/www.jogevakabeklubi.ee\/?page_id=7213\"><span style=\"color: #0000ff;\">V\u00d5ISTLUSKALENDER 2018<\/span><\/a>&nbsp;<br \/>\n<span style=\"color: #0000ff;\"><a style=\"color: #0000ff;\" href=\"http:\/\/www.jogevakabeklubi.ee\/?page_id=4200\">V\u00d5ISTLUSKALENDER 2017<\/a><\/span>&nbsp;<br \/>\n<a href=\"http:\/\/www.jogevakabeklubi.ee\/?page_id=3696\"><span style=\"color: #0000ff;\">V\u00d5ISTLUSKALENDER 2016<\/span><\/a>&nbsp;<br \/>\n<span style=\"color: #0000ff;\"><a style=\"color: #0000ff;\" href=\"http:\/\/www.jogevakabeklubi.ee\/?page_id=3190\"> V\u00d5ISTLUSKALENDER 2015<\/a><\/span><br \/>\n<a href=\"http:\/\/www.jogevakabeklubi.ee\/?page_id=2730\"><span style=\"color: #0000ff;\">V\u00d5ISTLUSKALENDER 2014<\/span><\/a><br \/>\n<a href=\"http:\/\/www.jogevakabeklubi.ee\/?page_id=2285\"><span style=\"color: #0000ff;\">V\u00d5ISTLUSKALENDER 2013<\/span><\/a><br \/>\n<a href=\"http:\/\/www.jogevakabeklubi.ee\/?page_id=1833\"><span style=\"color: #0000ff;\">V\u00d5ISTLUSKALENDER 2012<\/span><\/a><br \/>\n<a href=\"http:\/\/www.jogevakabeklubi.ee\/?page_id=899\"><span style=\"color: #0000ff;\">V\u00d5ISTLUSKALENDER 2011<\/span><\/a><br \/>\n<a href=\"http:\/\/www.jogevakabeklubi.ee\/?page_id=290\"><span style=\"color: #0000ff;\">V\u00d5ISTLUSKALENDER 2010<\/span><\/a><\/p>\n","protected":false},"excerpt":{"rendered":"<h4 class=\"has-text-color has-luminous-vivid-orange-color\"><span style=\"color: #0000ff;\"><strong><span style=\"color: #0000ff;\"><a style=\"color: #0000ff;\" href=\"https:\/\/www.jogevakabeklubi.ee\/wp-content\/uploads\/2024\/01\/Jogevamaa-meistrivoistluste-kabe-uldjuhend-2024.pdf\">J\u00f5gevamaa meistriv\u00f5istluste 2024 \u00fcldjuhend<\/a><\/span><\/strong><\/span><\/h4>\n<h4 class=\"has-text-color has-vivid-cyan-blue-color\"><a href=\"https:\/\/www.jogevakabeklubi.ee\/wp-content\/uploads\/2024\/01\/Jogeva-KK-seeriavoistluse-2024-juhend.pdf\"><span style=\"color: #a6a644;\"><strong>J\u00f5<\/strong><\/span><span style=\"color: #a6a644;\"><strong>geva Kabeklubi seeriav\u00f5istluse 2024 juhen<\/strong><\/span><span style=\"color: #a6a644;\"><strong>d<\/strong><\/span><\/a><\/h4>\n<p><span style=\"font-size: medium; font-weight: bold; text-align: -webkit-center; color: #000000;\">Aeg<\/span><br \/>\n<span style=\"font-size: medium; font-weight: bold; text-align: -webkit-center; color: #000000;\">\u00dcritus<\/span><br \/>\n<span style=\"font-size: medium; font-weight: bold; text-align: -webkit-center; color: #000000;\">M\u00e4ngu-<\/span><span style=\"color: #000000;\"><span style=\"font-size: medium; font-weight: bold; text-align: -webkit-center;\">liik<\/span>&nbsp;<\/span><br \/>\n<span style=\"font-size: medium; font-weight: bold; text-align: -webkit-center; color: #000000;\">Koht\/<\/span><span style=\"color: #000000;\"><span style=\"font-size: medium; font-weight: bold; text-align: -webkit-center;\">korraldaja<\/span>&nbsp;<\/span> <\/p>\n<p><span style=\"color: #000000;\"><strong>JAANUAR<\/strong><\/span> <\/p>\n<p><span style=\"color: #000000;\">13. kell 10<\/span><br \/>\n<span style=\"color: #0000ff;\"><a style=\"color: #0000ff;\" href=\"https:\/\/jogevakabeklubi.ee\/turniirid\/jogevamaa_mv64_2024\">J\u00f5gevamaa<\/a><\/span> <div class=\"pgee-read-more\"><a href=\"https:\/\/www.jogevakabeklubi.ee\/?page_id=10125\">J\u00e4tka lugemist<\/a><\/div><\/p>","protected":false},"author":1,"featured_media":0,"parent":0,"menu_order":0,"comment_status":"closed","ping_status":"closed","template":"","meta":{"ngg_post_thumbnail":0,"footnotes":""},"_links":{"self":[{"href":"https:\/\/www.jogevakabeklubi.ee\/index.php?rest_route=\/wp\/v2\/pages\/10125"}],"collection":[{"href":"https:\/\/www.jogevakabeklubi.ee\/index.php?rest_route=\/wp\/v2\/pages"}],"about":[{"href":"https:\/\/www.jogevakabeklubi.ee\/index.php?rest_route=\/wp\/v2\/types\/page"}],"author":[{"embeddable":true,"href":"https:\/\/www.jogevakabeklubi.ee\/index.php?rest_route=\/wp\/v2\/users\/1"}],"replies":[{"embeddable":true,"href":"https:\/\/www.jogevakabeklubi.ee\/index.php?rest_route=%2Fwp%2Fv2%2Fcomments&post=10125"}],"version-history":[{"count":82,"href":"https:\/\/www.jogevakabeklubi.ee\/index.php?rest_route=\/wp\/v2\/pages\/10125\/revisions"}],"predecessor-version":[{"id":10748,"href":"https:\/\/www.jogevakabeklubi.ee\/index.php?rest_route=\/wp\/v2\/pages\/10125\/revisions\/10748"}],"wp:attachment":[{"href":"https:\/\/www.jogevakabeklubi.ee\/index.php?rest_route=%2Fwp%2Fv2%2Fmedia&parent=10125"}],"curies":[{"name":"wp","href":"https:\/\/api.w.org\/{rel}","templated":true}]}}